{"id":991,"date":"2025-04-05T17:44:26","date_gmt":"2025-04-05T16:44:26","guid":{"rendered":"https:\/\/unis.hr\/shop\/?post_type=product&#038;p=991"},"modified":"2025-04-05T17:44:26","modified_gmt":"2025-04-05T16:44:26","slug":"pametna-brava-za-vrata-lockin-v5-max","status":"publish","type":"product","link":"https:\/\/unis.hr\/shop\/product\/pametna-brava-za-vrata-lockin-v5-max\/","title":{"rendered":"Pametna brava za vrata Lockin V5 Max"},"content":{"rendered":"<h4>12 velikih zna\u010dajki:<\/h4>\n<p>&#8211; Otklju\u010davanje prepoznavanjem vena na dlanu<br \/>\n&#8211; Otklju\u010davanje prepoznavanjem lica<br \/>\n&#8211; Otklju\u010davanje otiskom prsta<br \/>\n&#8211; Ugra\u0111ena digitalna \u0161pijunka<br \/>\n&#8211; Potpuno automatsko tijelo brave<br \/>\n&#8211; Otklju\u010davanje aplikacijom (MI Home)<br \/>\n&#8211; Otklju\u010davanje \u0161ifrom (PIN-om)<br \/>\n&#8211; Otklju\u010davanje mehani\u010dkim klju\u010dem<br \/>\n&#8211; Otklju\u010davanje NFC karticama i privjescima<br \/>\n&#8211; Unutarnje zaklju\u010davanje okretnim gumbom<br \/>\n&#8211; Ugra\u0111eno zvonce<br \/>\n&#8211; Dizajn Hartmut Esslinger | voditelj dizajna za Apple IIc<\/p>\n<h4>V5 MAX &#8211; sa\u017eetak<\/h4>\n<p>&#8211; Vi\u0161estruko puta sigurnija od otisaka lica i prstiju, probijaju\u0107i ograni\u010denja visine, otisaka prstiju i no\u0161enja maski, koristi istu tehnologiju prepoznavanja vena na dlanu kao i WeChat pla\u0107anje. Izvorni dizajn glavnog dizajnera Apple IIc, 16 mm ultra-tanak, odgovara svim vrstama vrata, izrada na razini Macbook-a, metalne mat teksture.<\/p>\n<p>&#8211; Strukturirano 3D svjetlo emitira 30000 to\u010daka i mjeri vi\u0161e od 1000 trodimenzionalnih informacija o licu na milimetarskoj razini, izvodi trodimenzionalno modeliranje i doista realno rekonstruira lice (binokularno lice mo\u017ee prikupiti samo 8-10 trodimenzionalnih informacijskih to\u010daka lica za 3D simulaciju snimanjem ravne fotografije lica)&#8230;<\/p>\n<p>&#8211; Prva multimodalna tehnologija biometrijskog prepoznavanja u industriji koja integrira prepoznavanje vena na dlanu, 3D prepoznavanje lica i AI video analizu. Prepoznavanje lica po\u010dinje u milisekundi kada ste udaljeni 1 metar od brave na vratima i odmah se prebacuje na prepoznavanje vena na dlanu kada ispru\u017eite ruku. Rukohvat je izra\u0111en istim postupkom lijevanja kao i automobil Tesla, a integralno je oblikovan da izdr\u017ei pritisak tijela 2 odrasle osobe. Izdr\u017eljiv je i maksimalno iskori\u0161tava prostor.<\/p>\n<p>&#8211; Ugra\u0111eni 4-in\u010dni IPS LCD veliki zaslon usporediv je sa zaslonom mobilnog telefona, \u0161to je zgodno za gledanje starijim osobama, djeci i cijeloj obitelji, \u010dine\u0107i otvaranje vrata lak\u0161im. Ako su vrata ostala otvorena kada izlazite iz ku\u0107e, brava \u0107e se oglasiti alarmom unutar 3 sekunde i istovremeno poslati podsjetnik na mobilni telefon. Iza\u0111ete li u \u017eurbi, ne morate se brinuti da vrata nisu zaklju\u010dana.<\/p>\n<p><iframe title=\"Introducing Lockin V5 Max | The Next Generation of Smart Lock with Palm Vein Biometric Technology\" width=\"640\" height=\"360\" src=\"https:\/\/www.youtube.com\/embed\/jfyZwUYZU8M?feature=oembed\" frameborder=\"0\" allow=\"accelerometer; autoplay; clipboard-write; encrypted-media; gyroscope; picture-in-picture; web-share\" referrerpolicy=\"strict-origin-when-cross-origin\" allowfullscreen><\/iframe><\/p>\n","protected":false},"excerpt":{"rendered":"<h4>Nova era biometrijske tehnologije!<\/h4>\n<p>Lockin pametna brava V5 Max pomi\u010de granice sigurnosti i otvara novu eru uvo\u0111enjem tehnologije prepoznavanja vena na dlanu. Ovo je prva multimodalna tehnologija biometrijskog prepoznavanja u industriji koja integrira prepoznavanje vena na dlanu, 3D prepoznavanje lica i AI video analizu. Prepoznavanje lica po\u010dinje u milisekundi kada ste udaljeni samo 1 metar od brave na vratima i nakon \u0161to ispru\u017eite ruku sustav \u0107e skenirati otisak vena na dlanu. Umjetna inteligencija video analizom uspore\u0111uje otiske sa \u0161ifriranim pohranjenim podacima u memoriji i ako se oni podudaraju, vrata se automatski otklju\u010davaju&#8230;<\/p>\n","protected":false},"featured_media":994,"template":"","meta":{"pagelayer_contact_templates":[],"_pagelayer_content":""},"product_brand":[127],"product_cat":[39],"product_tag":[130,134,148],"class_list":{"0":"post-991","1":"product","2":"type-product","3":"status-publish","4":"has-post-thumbnail","6":"product_brand-lockin","7":"product_cat-pametne_brave","8":"product_tag-lockin","9":"product_tag-pametna-brava","10":"product_tag-v5-max","12":"first","13":"instock","14":"shipping-taxable","15":"purchasable","16":"product-type-simple"},"jetpack_sharing_enabled":true,"_links":{"self":[{"href":"https:\/\/unis.hr\/shop\/wp-json\/wp\/v2\/product\/991","targetHints":{"allow":["GET"]}}],"collection":[{"href":"https:\/\/unis.hr\/shop\/wp-json\/wp\/v2\/product"}],"about":[{"href":"https:\/\/unis.hr\/shop\/wp-json\/wp\/v2\/types\/product"}],"wp:featuredmedia":[{"embeddable":true,"href":"https:\/\/unis.hr\/shop\/wp-json\/wp\/v2\/media\/994"}],"wp:attachment":[{"href":"https:\/\/unis.hr\/shop\/wp-json\/wp\/v2\/media?parent=991"}],"wp:term":[{"taxonomy":"product_brand","embeddable":true,"href":"https:\/\/unis.hr\/shop\/wp-json\/wp\/v2\/product_brand?post=991"},{"taxonomy":"product_cat","embeddable":true,"href":"https:\/\/unis.hr\/shop\/wp-json\/wp\/v2\/product_cat?post=991"},{"taxonomy":"product_tag","embeddable":true,"href":"https:\/\/unis.hr\/shop\/wp-json\/wp\/v2\/product_tag?post=991"}],"curies":[{"name":"wp","href":"https:\/\/api.w.org\/{rel}","templated":true}]}}