{"id":985,"date":"2025-04-05T17:35:49","date_gmt":"2025-04-05T16:35:49","guid":{"rendered":"https:\/\/unis.hr\/shop\/?post_type=product&#038;p=985"},"modified":"2025-04-05T17:35:49","modified_gmt":"2025-04-05T16:35:49","slug":"pametna-brava-za-vrata-lockin-s50m-pro","status":"publish","type":"product","link":"https:\/\/unis.hr\/shop\/product\/pametna-brava-za-vrata-lockin-s50m-pro\/","title":{"rendered":"Pametna brava za vrata Lockin S50M Pro"},"content":{"rendered":"<h4>Osnovne karakteristike:<\/h4>\n<p>&#8211; Pametno prepoznavanje vena na prstu<\/p>\n<p>&#8211; 6 na\u010dina otklju\u010davanja: otklju\u010davanje prepoznavanjem vena na prstu, otklju\u010davanje PIN \u0161ifrom, otklju\u010davanje NFC karticama, otklju\u010davanje Bluetooth aplikacijom, otklju\u010davanje mehani\u010dki klju\u010dem i otklju\u010davanje vremenski ograni\u010denom \u0161ifrom<\/p>\n<p>&#8211; Potpuno automatsko tijelo brave<\/p>\n<p>&#8211; Otklju\u010davanje otiskom prsta za samo 0,6 sekundi i automatsko zaklju\u010davanje za samo 0,5 sekundi<\/p>\n<p>&#8211; Materijal izrade vanjskog i unutarnjeg panela: aluminijska legura<\/p>\n<p>&#8211; Aplikacija: MI Home. Jednostavan pristup povijesti kori\u0161tenja brave<\/p>\n<p>&#8211; 4 inch IPS zaslon na unutarnjoj strani<\/p>\n<p>&#8211; Pametno povezivanje: pametno povezivanje s vi\u0161e Mi Home proizvoda<\/p>\n<p><iframe title=\"Pametna brava Lockin S50M Pro\" width=\"640\" height=\"360\" src=\"https:\/\/www.youtube.com\/embed\/T6p-o9mZBA0?feature=oembed\" frameborder=\"0\" allow=\"accelerometer; autoplay; clipboard-write; encrypted-media; gyroscope; picture-in-picture; web-share\" referrerpolicy=\"strict-origin-when-cross-origin\" allowfullscreen><\/iframe><\/p>\n","protected":false},"excerpt":{"rendered":"<p>Prepoznavanje vena na prstima. Ugra\u0111ena pametna \u0161pijunka za vrata.<br \/>\n6 na\u010dina otklju\u010davanja:<br \/>\notklju\u010davanje prepoznavanjem vena na prstu |\u00a0 otklju\u010davanje PIN \u0161ifrom |\u00a0 otklju\u010davanje NFC karticama |\u00a0 otklju\u010davanje Bluetooth aplikacijom |\u00a0 otklju\u010davanje mehani\u010dki klju\u010dem |\u00a0 otklju\u010davanje vremenski ograni\u010denom \u0161ifrom.<\/p>\n","protected":false},"featured_media":988,"template":"","meta":{"pagelayer_contact_templates":[],"_pagelayer_content":""},"product_brand":[127],"product_cat":[39],"product_tag":[130,134,147],"class_list":{"0":"post-985","1":"product","2":"type-product","3":"status-publish","4":"has-post-thumbnail","6":"product_brand-lockin","7":"product_cat-pametne_brave","8":"product_tag-lockin","9":"product_tag-pametna-brava","10":"product_tag-s50m-pro","12":"first","13":"instock","14":"shipping-taxable","15":"purchasable","16":"product-type-simple"},"jetpack_sharing_enabled":true,"_links":{"self":[{"href":"https:\/\/unis.hr\/shop\/wp-json\/wp\/v2\/product\/985","targetHints":{"allow":["GET"]}}],"collection":[{"href":"https:\/\/unis.hr\/shop\/wp-json\/wp\/v2\/product"}],"about":[{"href":"https:\/\/unis.hr\/shop\/wp-json\/wp\/v2\/types\/product"}],"wp:featuredmedia":[{"embeddable":true,"href":"https:\/\/unis.hr\/shop\/wp-json\/wp\/v2\/media\/988"}],"wp:attachment":[{"href":"https:\/\/unis.hr\/shop\/wp-json\/wp\/v2\/media?parent=985"}],"wp:term":[{"taxonomy":"product_brand","embeddable":true,"href":"https:\/\/unis.hr\/shop\/wp-json\/wp\/v2\/product_brand?post=985"},{"taxonomy":"product_cat","embeddable":true,"href":"https:\/\/unis.hr\/shop\/wp-json\/wp\/v2\/product_cat?post=985"},{"taxonomy":"product_tag","embeddable":true,"href":"https:\/\/unis.hr\/shop\/wp-json\/wp\/v2\/product_tag?post=985"}],"curies":[{"name":"wp","href":"https:\/\/api.w.org\/{rel}","templated":true}]}}