{"id":970,"date":"2025-04-05T11:51:05","date_gmt":"2025-04-05T10:51:05","guid":{"rendered":"https:\/\/unis.hr\/shop\/?post_type=product&#038;p=970"},"modified":"2025-04-05T11:58:01","modified_gmt":"2025-04-05T10:58:01","slug":"pametna-brava-za-vrata-lockin-s50-f","status":"publish","type":"product","link":"https:\/\/unis.hr\/shop\/product\/pametna-brava-za-vrata-lockin-s50-f\/","title":{"rendered":"Pametna brava za vrata Lockin S50 F"},"content":{"rendered":"<h4>Osnovne karakteristike<\/h4>\n<p>&#8211; 3D pametno prepoznavanje lica<\/p>\n<p>&#8211; 7 na\u010dina otklju\u010davanja: otklju\u010davanje prepoznavanjem lica, otklju\u010davanje otiskom prsta, otklju\u010davanje PIN \u0161ifrom, otklju\u010davanje NFC karticama, otklju\u010davanje Bluetooth aplikacijom, otklju\u010davanje mehani\u010dki klju\u010dem i otklju\u010davanje vremenski ograni\u010denom \u0161ifrom<\/p>\n<p>&#8211; Potpuno automatsko tijelo brave: otklju\u010davanje otiskom prsta za samo 0,6 sekundi a automatsko zaklju\u010davanje za samo 0,5 sekundi.<\/p>\n<p>&#8211; Materijal izrade vanjskog i unutarnjeg panela: aluminijska legura<\/p>\n<p>&#8211; Upravljanje aplikacijom: jednostavan pristup povijesti kori\u0161tenja brave<\/p>\n<p>&#8211; Aplikacija: MI Home<\/p>\n<p>&#8211; Pametno povezivanje: pametno povezivanje s vi\u0161e Mi Home proizvoda<\/p>\n<p><iframe title=\"Pametna brava Lockin S50F\" width=\"640\" height=\"360\" src=\"https:\/\/www.youtube.com\/embed\/MmhtZn22Mng?feature=oembed\" frameborder=\"0\" allow=\"accelerometer; autoplay; clipboard-write; encrypted-media; gyroscope; picture-in-picture; web-share\" referrerpolicy=\"strict-origin-when-cross-origin\" allowfullscreen><\/iframe><\/p>\n","protected":false},"excerpt":{"rendered":"<p>3D pametno prepoznavanje lica.<br \/>\n7 na\u010dina otklju\u010davanja:<br \/>\notklju\u010davanje prepoznavanjem lica |\u00a0 otklju\u010davanje otiskom prsta |\u00a0 otklju\u010davanje PIN \u0161ifrom |\u00a0 otklju\u010davanje NFC karticama |\u00a0 otklju\u010davanje Bluetooth aplikacijom |\u00a0 otklju\u010davanje mehani\u010dki klju\u010dem |\u00a0 otklju\u010davanje vremenski ograni\u010denom \u0161ifrom.<\/p>\n","protected":false},"featured_media":977,"template":"","meta":{"pagelayer_contact_templates":[],"_pagelayer_content":""},"product_brand":[127],"product_cat":[39],"product_tag":[130,134,146],"class_list":{"0":"post-970","1":"product","2":"type-product","3":"status-publish","4":"has-post-thumbnail","6":"product_brand-lockin","7":"product_cat-pametne_brave","8":"product_tag-lockin","9":"product_tag-pametna-brava","10":"product_tag-s50-f","12":"first","13":"instock","14":"shipping-taxable","15":"purchasable","16":"product-type-simple"},"jetpack_sharing_enabled":true,"_links":{"self":[{"href":"https:\/\/unis.hr\/shop\/wp-json\/wp\/v2\/product\/970","targetHints":{"allow":["GET"]}}],"collection":[{"href":"https:\/\/unis.hr\/shop\/wp-json\/wp\/v2\/product"}],"about":[{"href":"https:\/\/unis.hr\/shop\/wp-json\/wp\/v2\/types\/product"}],"wp:featuredmedia":[{"embeddable":true,"href":"https:\/\/unis.hr\/shop\/wp-json\/wp\/v2\/media\/977"}],"wp:attachment":[{"href":"https:\/\/unis.hr\/shop\/wp-json\/wp\/v2\/media?parent=970"}],"wp:term":[{"taxonomy":"product_brand","embeddable":true,"href":"https:\/\/unis.hr\/shop\/wp-json\/wp\/v2\/product_brand?post=970"},{"taxonomy":"product_cat","embeddable":true,"href":"https:\/\/unis.hr\/shop\/wp-json\/wp\/v2\/product_cat?post=970"},{"taxonomy":"product_tag","embeddable":true,"href":"https:\/\/unis.hr\/shop\/wp-json\/wp\/v2\/product_tag?post=970"}],"curies":[{"name":"wp","href":"https:\/\/api.w.org\/{rel}","templated":true}]}}