{"id":960,"date":"2025-04-05T11:34:12","date_gmt":"2025-04-05T10:34:12","guid":{"rendered":"https:\/\/unis.hr\/shop\/?post_type=product&#038;p=960"},"modified":"2025-04-05T11:34:12","modified_gmt":"2025-04-05T10:34:12","slug":"pametna-brava-za-vrata-lockin-s30-pro","status":"publish","type":"product","link":"https:\/\/unis.hr\/shop\/product\/pametna-brava-za-vrata-lockin-s30-pro\/","title":{"rendered":"Pametna brava za vrata Lockin S30 Pro"},"content":{"rendered":"<h4>Osnovne karakteristike:<\/h4>\n<p>&#8211; Ugra\u0111eno zvono za vrata<\/p>\n<p>&#8211; Potpuno automatsko tijelo brave<\/p>\n<p>&#8211; Ergonomski dizajn ru\u010dkice 35\u00b0<\/p>\n<p>&#8211; Inteligentni upravlja\u010dki \u010dip<\/p>\n<p>&#8211; 6 na\u010dina otklju\u010davanja (otklju\u010davanje otiskom prsta, otklju\u010davanje PIN \u0161ifrom, otklju\u010davanje NFC karticama, otklju\u010davanje Bluetooth aplikacijom, otklju\u010davanje mehani\u010dki klju\u010dem, otklju\u010davanje vremenski ograni\u010denom \u0161ifrom)<\/p>\n<p>&#8211; Radi s MI ure\u0111ajima<\/p>\n<p>&#8211; Podsjetnik za izlazak iz ku\u0107e<\/p>\n<p>&#8211; Podr\u017eana NFC tehnologija<\/p>\n<p>&#8211; \u0160esterostruka sigurnosna za\u0161tita<\/p>\n<h4>\nUpravljanje aplikacijom<\/h4>\n<p>&#8211; Pregled statusa vrata: status zaklju\u010davanja\/otklju\u010davanja, preostala baterija, status mre\u017ee<\/p>\n<p>&#8211; Upravljanje lozinkama: dodajte ili izbri\u0161ite otisak prsta\/pin kod, postavite privremenu lozinku<\/p>\n<p>&#8211; Pregled povijesti zaklju\u010davanja: pogledajte tko je ulazio i izlazio<\/p>\n<p>&#8211; Podsjetnik za povratak obitelji: vlasnici bi mogli dobiti podsjetnik nakon \u0161to se \u010dlanovi njihove obitelji vrate ku\u0107i<\/p>\n<p><iframe title=\"Pametna brava S30 Pro\" width=\"640\" height=\"360\" src=\"https:\/\/www.youtube.com\/embed\/PzllaJkAtaY?feature=oembed\" frameborder=\"0\" allow=\"accelerometer; autoplay; clipboard-write; encrypted-media; gyroscope; picture-in-picture; web-share\" referrerpolicy=\"strict-origin-when-cross-origin\" allowfullscreen><\/iframe><\/p>\n","protected":false},"excerpt":{"rendered":"<p>Potpuno automatska brava otklju\u010dava i zaklju\u010dava vrata u jednom koraku&#8230;<br \/>\n6 na\u010dina otklju\u010davanja: otklju\u010davanje otiskom prsta |\u00a0 otklju\u010davanje PIN \u0161ifrom |\u00a0 otklju\u010davanje NFC karticama |\u00a0 otklju\u010davanje Bluetooth aplikacijom |\u00a0 otklju\u010davanje mehani\u010dki klju\u010dem |\u00a0 otklju\u010davanje vremenski ograni\u010denom \u0161ifrom.<\/p>\n","protected":false},"featured_media":963,"template":"","meta":{"pagelayer_contact_templates":[],"_pagelayer_content":""},"product_brand":[127],"product_cat":[39],"product_tag":[130,134,144],"class_list":{"0":"post-960","1":"product","2":"type-product","3":"status-publish","4":"has-post-thumbnail","6":"product_brand-lockin","7":"product_cat-pametne_brave","8":"product_tag-lockin","9":"product_tag-pametna-brava","10":"product_tag-s30-pro","12":"first","13":"instock","14":"shipping-taxable","15":"purchasable","16":"product-type-simple"},"jetpack_sharing_enabled":true,"_links":{"self":[{"href":"https:\/\/unis.hr\/shop\/wp-json\/wp\/v2\/product\/960","targetHints":{"allow":["GET"]}}],"collection":[{"href":"https:\/\/unis.hr\/shop\/wp-json\/wp\/v2\/product"}],"about":[{"href":"https:\/\/unis.hr\/shop\/wp-json\/wp\/v2\/types\/product"}],"wp:featuredmedia":[{"embeddable":true,"href":"https:\/\/unis.hr\/shop\/wp-json\/wp\/v2\/media\/963"}],"wp:attachment":[{"href":"https:\/\/unis.hr\/shop\/wp-json\/wp\/v2\/media?parent=960"}],"wp:term":[{"taxonomy":"product_brand","embeddable":true,"href":"https:\/\/unis.hr\/shop\/wp-json\/wp\/v2\/product_brand?post=960"},{"taxonomy":"product_cat","embeddable":true,"href":"https:\/\/unis.hr\/shop\/wp-json\/wp\/v2\/product_cat?post=960"},{"taxonomy":"product_tag","embeddable":true,"href":"https:\/\/unis.hr\/shop\/wp-json\/wp\/v2\/product_tag?post=960"}],"curies":[{"name":"wp","href":"https:\/\/api.w.org\/{rel}","templated":true}]}}