{"id":954,"date":"2025-04-05T11:27:05","date_gmt":"2025-04-05T10:27:05","guid":{"rendered":"https:\/\/unis.hr\/shop\/?post_type=product&#038;p=954"},"modified":"2025-04-05T11:27:05","modified_gmt":"2025-04-05T10:27:05","slug":"pametna-brava-za-vrata-smart-lock-h5","status":"publish","type":"product","link":"https:\/\/unis.hr\/shop\/product\/pametna-brava-za-vrata-smart-lock-h5\/","title":{"rendered":"Pametna brava za vrata Smart Lock H5"},"content":{"rendered":"<h4>Osnovne karakteristike:<\/h4>\n<p>&#8211; 6 na\u010dina otklju\u010davanja: otklju\u010davanje otiskom prsta, otklju\u010davanje PIN \u0161ifrom, otklju\u010davanje Mifare karticama, otklju\u010davanje Bluetooth aplikacijom, otklju\u010davanje mehani\u010dki klju\u010dem i otklju\u010davanje vremenski ograni\u010denom \u0161ifrom<\/p>\n<p>&#8211; Vrlo otporna na udarce: jedna integrirana aluminijska plo\u010da<\/p>\n<p>&#8211; Vremenski PIN za goste: odli\u010dno rje\u0161enje za apartmane, urede kao i za svaki dom<\/p>\n<p>&#8211; Upravljanje aplikacijom: jednostavan pristup povijesti kori\u0161tenja brave<\/p>\n<p>&#8211; Udaljeno obavje\u0161tavanje: uzastopna neuspje\u0161na provjera, otklju\u010davanje, prazna baterija<\/p>\n<p>&#8211; Otvaranje jednim dodirom: modul za prepoznavanje otiska prsta<\/p>\n<p>&#8211; Pametno povezivanje: pametno povezivanje s vi\u0161e TTLock proizvoda<\/p>\n<p>&#8211; Kompaktna veli\u010dina: odgovara svim drvenim i metalnim vratima.<\/p>\n<p><iframe title=\"Pametna brava Smart Lock H5\" width=\"640\" height=\"360\" src=\"https:\/\/www.youtube.com\/embed\/ZWLyLu7X-kY?feature=oembed\" frameborder=\"0\" allow=\"accelerometer; autoplay; clipboard-write; encrypted-media; gyroscope; picture-in-picture; web-share\" referrerpolicy=\"strict-origin-when-cross-origin\" allowfullscreen><\/iframe><\/p>\n","protected":false},"excerpt":{"rendered":"<p>6 na\u010dina otklju\u010davanja: otklju\u010davanje otiskom prsta, otklju\u010davanje PIN \u0161ifrom, otklju\u010davanje Mifare karticama, otklju\u010davanje Bluetooth aplikacijom, otklju\u010davanje mehani\u010dki klju\u010dem i otklju\u010davanje vremenski ograni\u010denom \u0161ifrom<\/p>\n","protected":false},"featured_media":957,"template":"","meta":{"pagelayer_contact_templates":[],"_pagelayer_content":""},"product_brand":[141],"product_cat":[39],"product_tag":[143,134,142],"class_list":{"0":"post-954","1":"product","2":"type-product","3":"status-publish","4":"has-post-thumbnail","6":"product_brand-smart-lock","7":"product_cat-pametne_brave","8":"product_tag-h5","9":"product_tag-pametna-brava","10":"product_tag-smart-lock","12":"first","13":"instock","14":"shipping-taxable","15":"purchasable","16":"product-type-simple"},"jetpack_sharing_enabled":true,"_links":{"self":[{"href":"https:\/\/unis.hr\/shop\/wp-json\/wp\/v2\/product\/954","targetHints":{"allow":["GET"]}}],"collection":[{"href":"https:\/\/unis.hr\/shop\/wp-json\/wp\/v2\/product"}],"about":[{"href":"https:\/\/unis.hr\/shop\/wp-json\/wp\/v2\/types\/product"}],"wp:featuredmedia":[{"embeddable":true,"href":"https:\/\/unis.hr\/shop\/wp-json\/wp\/v2\/media\/957"}],"wp:attachment":[{"href":"https:\/\/unis.hr\/shop\/wp-json\/wp\/v2\/media?parent=954"}],"wp:term":[{"taxonomy":"product_brand","embeddable":true,"href":"https:\/\/unis.hr\/shop\/wp-json\/wp\/v2\/product_brand?post=954"},{"taxonomy":"product_cat","embeddable":true,"href":"https:\/\/unis.hr\/shop\/wp-json\/wp\/v2\/product_cat?post=954"},{"taxonomy":"product_tag","embeddable":true,"href":"https:\/\/unis.hr\/shop\/wp-json\/wp\/v2\/product_tag?post=954"}],"curies":[{"name":"wp","href":"https:\/\/api.w.org\/{rel}","templated":true}]}}