{"id":941,"date":"2025-04-05T11:17:01","date_gmt":"2025-04-05T10:17:01","guid":{"rendered":"https:\/\/unis.hr\/shop\/?post_type=product&#038;p=941"},"modified":"2025-04-05T11:17:01","modified_gmt":"2025-04-05T10:17:01","slug":"pametna-brava-za-vrata-lockin-x1-black","status":"publish","type":"product","link":"https:\/\/unis.hr\/shop\/product\/pametna-brava-za-vrata-lockin-x1-black\/","title":{"rendered":"Pametna brava za vrata Lockin X1 black"},"content":{"rendered":"<h4>Osnovne karakteristike:<\/h4>\n<p>&#8211; Moderan dizajn u crnoj klasi\u010dnoj boji<br \/>\n&#8211; 6 na\u010dina otklju\u010davanja: otklju\u010davanje otiskom prsta, otklju\u010davanje PIN \u0161ifrom, otklju\u010davanje NFC karticama, otklju\u010davanje Bluetooth aplikacijom, otklju\u010davanje mehani\u010dki klju\u010dem i otklju\u010davanje vremenski ograni\u010denom \u0161ifrom<br \/>\n&#8211; Vrlo otporna na udarce: jedna integrirana aluminijska plo\u010da<br \/>\n&#8211; PIN za renoviranje doma: jednostavna primopredaja nakon dovr\u0161etka renoviranja<br \/>\n&#8211; Upravljanje aplikacijom: jednostavan pristup povijesti kori\u0161tenja brave<br \/>\n&#8211; Udaljeno obavje\u0161tavanje: uzastopna neuspje\u0161na provjera, otklju\u010davanje, prazna baterija<br \/>\n&#8211; Otvaranje jednim dodirom: modul za prepoznavanje otiska prsta<br \/>\n&#8211; Pametno povezivanje: pametno povezivanje s vi\u0161e Mi Home proizvoda<\/p>\n<h4>Sveobuhvatni sigurnosni dizajn<\/h4>\n<p>&#8211; Pedantno izra\u0111eni, polirani detalji i pouzdana kvaliteta.<br \/>\n&#8211; Dizajn integrirane ru\u010dke: zlatni rez.<br \/>\n&#8211; Virtualni PIN-ovi: 6-znamenkasti fiksni PIN + 10-znamenkasti (max) virtualni PIN.<br \/>\n&#8211; Neovisno zaklju\u010davanje dodatnim zasunom: leptirasti gumb| otklju\u010davanje za za\u0161titu od ku\u0107nih ljubimaca i djece.<br \/>\n&#8211; Za\u0161tita od provaljivanja kroz \u0161pijunku: u\u010dinkovito \u0161titi va\u0161 dom od poku\u0161aja provale teleskopskim ure\u0111ajima kroz \u0161pijunku vrata.<\/p>\n<h4>Upravljanje aplikacijom<\/h4>\n<p>&#8211; Povijest zaklju\u010davanja\/otklju\u010davanja: provjerite svu povijest zaklju\u010davanja\/otklju\u010davanja u bilo kojem trenutku.<br \/>\n*Ne uklju\u010duje povijest zaklju\u010davanja\/otklju\u010davanja mehani\u010dkim klju\u010dem.<br \/>\n&#8211; Upravljanje otiscima prstiju i PIN-ovima: dodajte ili izbri\u0161ite otiske prstiju i\/ili PIN-ove | Generirajte vremenske PIN-ove.<br \/>\n&#8211; Obavijest o dolasku: pravovremene obavijesti kada \u010dlanovi obitelji otklju\u010daju vrata.<br \/>\n&#8211; Mi Home Smart Linkage: povezivanje s Mi Home proizvodima. Omogu\u0107uje vi\u0161e scenarija pametnog doma, uklju\u010duju\u0107i automatsku kontrolu svjetla, zavjesa i glazbe po va\u0161em dolasku ku\u0107i.<br \/>\n*Ova funkcija zahtijeva povezivanje s Mi Smart Home Hub \uff08podr\u017eava Singapore server).<\/p>\n<p>&nbsp;<\/p>\n<p><iframe title=\"Pametna brava LOCKIN X1\" width=\"640\" height=\"360\" src=\"https:\/\/www.youtube.com\/embed\/Dv4tbAZMBiE?feature=oembed\" frameborder=\"0\" allow=\"accelerometer; autoplay; clipboard-write; encrypted-media; gyroscope; picture-in-picture; web-share\" referrerpolicy=\"strict-origin-when-cross-origin\" allowfullscreen><\/iframe><\/p>\n","protected":false},"excerpt":{"rendered":"<p>Automatska brava otklju\u010dava i zaklju\u010dava vrata u jednom koraku&#8230;<\/p>\n<p>6 na\u010dina otklju\u010davanja: otklju\u010davanje otiskom prsta, otklju\u010davanje PIN \u0161ifrom, otklju\u010davanje NFC karticama, otklju\u010davanje Bluetooth aplikacijom, otklju\u010davanje mehani\u010dki klju\u010dem i otklju\u010davanje vremenski ograni\u010denom \u0161ifrom.<\/p>\n","protected":false},"featured_media":942,"template":"","meta":{"pagelayer_contact_templates":[],"_pagelayer_content":""},"product_brand":[127],"product_cat":[39],"product_tag":[130,134,138],"class_list":{"0":"post-941","1":"product","2":"type-product","3":"status-publish","4":"has-post-thumbnail","6":"product_brand-lockin","7":"product_cat-pametne_brave","8":"product_tag-lockin","9":"product_tag-pametna-brava","10":"product_tag-x1-black","12":"first","13":"instock","14":"shipping-taxable","15":"purchasable","16":"product-type-simple"},"jetpack_sharing_enabled":true,"_links":{"self":[{"href":"https:\/\/unis.hr\/shop\/wp-json\/wp\/v2\/product\/941","targetHints":{"allow":["GET"]}}],"collection":[{"href":"https:\/\/unis.hr\/shop\/wp-json\/wp\/v2\/product"}],"about":[{"href":"https:\/\/unis.hr\/shop\/wp-json\/wp\/v2\/types\/product"}],"wp:featuredmedia":[{"embeddable":true,"href":"https:\/\/unis.hr\/shop\/wp-json\/wp\/v2\/media\/942"}],"wp:attachment":[{"href":"https:\/\/unis.hr\/shop\/wp-json\/wp\/v2\/media?parent=941"}],"wp:term":[{"taxonomy":"product_brand","embeddable":true,"href":"https:\/\/unis.hr\/shop\/wp-json\/wp\/v2\/product_brand?post=941"},{"taxonomy":"product_cat","embeddable":true,"href":"https:\/\/unis.hr\/shop\/wp-json\/wp\/v2\/product_cat?post=941"},{"taxonomy":"product_tag","embeddable":true,"href":"https:\/\/unis.hr\/shop\/wp-json\/wp\/v2\/product_tag?post=941"}],"curies":[{"name":"wp","href":"https:\/\/api.w.org\/{rel}","templated":true}]}}