{"id":924,"date":"2025-04-03T17:52:24","date_gmt":"2025-04-03T16:52:24","guid":{"rendered":"https:\/\/unis.hr\/shop\/?post_type=product&#038;p=924"},"modified":"2026-02-25T10:46:56","modified_gmt":"2026-02-25T09:46:56","slug":"pametna-brava-za-vrata-lockin-g30","status":"publish","type":"product","link":"https:\/\/unis.hr\/shop\/product\/pametna-brava-za-vrata-lockin-g30\/","title":{"rendered":"Pametna brava za vrata Lockin G30"},"content":{"rendered":"<h4>Osnovne karakteristike:<\/h4>\n<p>&#8211; 3 u 1: u cijenu je uklju\u010dena pametna brava Lockin G30 + tipkovnica s otiskom prsta + Wi-Fi bridge (omogu\u0107ava udaljeni pristup)<br \/>\n&#8211; Na\u010dini otklju\u010davanja: otisak prsta \/ Bluetooth aplikacija \/ PIN \/ upravljanje glasom (Google Home, Alexa)<br \/>\n&#8211; Funkcionalnost udaljenog pristupa<br \/>\n&#8211; Sustav upravljanja gostima<br \/>\n&#8211; Nadgledanje aktivnosti i obavje\u0161tavanje<br \/>\n&#8211; Indikator stanja vrata (prepoznaje da li su vrata zatvorena ili otvorena)<br \/>\n&#8211; Pribor: tipkovnica s otiskom prsta + Wi-Fi bridge<\/p>\n<p>Provjerite da li su va\u0161a vrata kompatibilna s pametnom bravom Lockin G30: <a href=\"https:\/\/www.unis.hr\/Lockin\/Checker\/index.html\" target=\"_blank\" rel=\"noopener\">G30 checker<\/a><\/p>\n<p>&nbsp;<\/p>\n<p><iframe title=\"Lockin Smart Lock G30\" width=\"640\" height=\"360\" src=\"https:\/\/www.youtube.com\/embed\/g4RsqFgSD2E?feature=oembed\" frameborder=\"0\" allow=\"accelerometer; autoplay; clipboard-write; encrypted-media; gyroscope; picture-in-picture; web-share\" referrerpolicy=\"strict-origin-when-cross-origin\" allowfullscreen><\/iframe><\/p>\n","protected":false},"excerpt":{"rendered":"<p>Nadogradite svoja vrata pametnom bravom Lockin koja \u0107e vam omogu\u0107iti zaklju\u010davanje i otklju\u010davanje vrata &#8211; bez obzira gdje se nalazili. Dodijelite ovla\u0161tenja za pristup bez fizi\u010dke distribucije klju\u010deva, pogledajte tko je i kada ulazio, dodijelite virtualne klju\u010deve gostima i provjerite jesu li vrata otvorena ili zatvorena.<\/p>\n<p>Sve je to omogu\u0107eno putem aplikacije Lockin Home. Jednom kada se pove\u017eete s aplikacijom, mo\u017eete osigurati, nadzirati i upravljati pristupom svom domu putem svog mobilnog telefona s bilo kojeg mjesta na svijetu.<\/p>\n<p>U\u017eivajte u miru i sigurnosti, za\u0161ti\u0107eni najnovijom pametnom bravom Lockin u koju su ugra\u0111ene godine sigurnosne stru\u010dnosti i iskustva.<\/p>\n","protected":false},"featured_media":932,"template":"","meta":{"pagelayer_contact_templates":[],"_pagelayer_content":""},"product_brand":[127],"product_cat":[39],"product_tag":[136,130,134],"class_list":{"0":"post-924","1":"product","2":"type-product","3":"status-publish","4":"has-post-thumbnail","6":"product_brand-lockin","7":"product_cat-pametne_brave","8":"product_tag-g30","9":"product_tag-lockin","10":"product_tag-pametna-brava","12":"first","13":"instock","14":"sale","15":"shipping-taxable","16":"purchasable","17":"product-type-simple"},"jetpack_sharing_enabled":true,"_links":{"self":[{"href":"https:\/\/unis.hr\/shop\/wp-json\/wp\/v2\/product\/924","targetHints":{"allow":["GET"]}}],"collection":[{"href":"https:\/\/unis.hr\/shop\/wp-json\/wp\/v2\/product"}],"about":[{"href":"https:\/\/unis.hr\/shop\/wp-json\/wp\/v2\/types\/product"}],"wp:featuredmedia":[{"embeddable":true,"href":"https:\/\/unis.hr\/shop\/wp-json\/wp\/v2\/media\/932"}],"wp:attachment":[{"href":"https:\/\/unis.hr\/shop\/wp-json\/wp\/v2\/media?parent=924"}],"wp:term":[{"taxonomy":"product_brand","embeddable":true,"href":"https:\/\/unis.hr\/shop\/wp-json\/wp\/v2\/product_brand?post=924"},{"taxonomy":"product_cat","embeddable":true,"href":"https:\/\/unis.hr\/shop\/wp-json\/wp\/v2\/product_cat?post=924"},{"taxonomy":"product_tag","embeddable":true,"href":"https:\/\/unis.hr\/shop\/wp-json\/wp\/v2\/product_tag?post=924"}],"curies":[{"name":"wp","href":"https:\/\/api.w.org\/{rel}","templated":true}]}}