{"id":814,"date":"2025-04-03T11:21:48","date_gmt":"2025-04-03T10:21:48","guid":{"rendered":"https:\/\/unis.hr\/shop\/?post_type=product&#038;p=814"},"modified":"2026-02-05T17:24:16","modified_gmt":"2026-02-05T16:24:16","slug":"dizajnerska-protuprovalna-vrata-alias-model-steel-c","status":"publish","type":"product","link":"https:\/\/unis.hr\/shop\/product\/dizajnerska-protuprovalna-vrata-alias-model-steel-c\/","title":{"rendered":"Dizajnerska protuprovalna vrata ALIAS | model STEEL C"},"content":{"rendered":"<p>Protuprovalna vrata s jakim tehnolo\u0161kim otiskom koji odlikuje kombinacija inovativnih materijala i profinjene izrade. Za razliku od drugih generi\u010dkih modela protuprovalnih vrata proizvedenih tradicionalnim tehnikama savijanja i obradom materijala deformacijom, vrata ALIAS se proizvode inovativnom metodom koja se sastoji od obrade pocin\u010danog \u010deli\u010dnog lima koji se sustavom valjkastih transportera pretvara u kontinuirane profile koji se kasnije laserski re\u017eu i zavaruju, \u010dime se sprije\u010dava oksidacija ili pregrijavanje profila deformiranjem. U protuprovalnim vratima ALIAS prona\u0107i \u0107ete rje\u0161enje za definiranje va\u0161eg prostora koje nudi visoku 3. klasu protuprovalnosti,odli\u010dnu toplinsku i zvu\u010dnu izolaciju, sigurnosni mehanizam provjerene kvalitete, zavr\u0161nu obradu sna\u017enog ukrasnog karaktera i suvremenog dizajna koja po\u0161tuje va\u0161u osobnost prema svim stilskim zahtjevima..<\/p>\n<p>Namjena: za unutarnju ugradnju<\/p>\n<p>Karakteristike:<br \/>\nProtuprovalna cilindar brava CISA| Cilindar visoke sigurnosti CISA Asix (5 korisni\u010dkih klju\u010deva + 1 monterski + kartica) | \u0160titnik cilindra (defender) | Gornji sigurnosni devijatori | Donji sigurnosni devijatori | \u0160irokokutno zurilo s poklopcem | Podesivi panti | Dvostruke brtve | Sigurnosni fiksni klinovi | Rukohvat (kugla\/kvaka) u srebrnoj boji | Unutarnji i vanjski MDF panel vrata u prirodnoj wenge boji | Donja pokretna brtva (metlica) | Unutarnji i vanjski ulo\u017eak od ekspandiranog polistirena | \u010celi\u010dni slijepi dovratnik 2 mm | \u010celi\u010dni dovratnik u bijeloj boji.<\/p>\n","protected":false},"excerpt":{"rendered":"<p>MDF paneli | dekor bijeli<\/p>\n","protected":false},"featured_media":823,"template":"","meta":{"pagelayer_contact_templates":[],"_pagelayer_content":""},"product_brand":[45],"product_cat":[34],"product_tag":[124,76,123],"class_list":{"0":"post-814","1":"product","2":"type-product","3":"status-publish","4":"has-post-thumbnail","6":"product_brand-alias","7":"product_cat-protuprovalna_vrata","8":"product_tag-alias","9":"product_tag-bijela","10":"product_tag-dizajnerska-protuprovalna-vrata","12":"first","13":"instock","14":"sale","15":"shipping-taxable","16":"purchasable","17":"product-type-simple"},"jetpack_sharing_enabled":true,"_links":{"self":[{"href":"https:\/\/unis.hr\/shop\/wp-json\/wp\/v2\/product\/814","targetHints":{"allow":["GET"]}}],"collection":[{"href":"https:\/\/unis.hr\/shop\/wp-json\/wp\/v2\/product"}],"about":[{"href":"https:\/\/unis.hr\/shop\/wp-json\/wp\/v2\/types\/product"}],"wp:featuredmedia":[{"embeddable":true,"href":"https:\/\/unis.hr\/shop\/wp-json\/wp\/v2\/media\/823"}],"wp:attachment":[{"href":"https:\/\/unis.hr\/shop\/wp-json\/wp\/v2\/media?parent=814"}],"wp:term":[{"taxonomy":"product_brand","embeddable":true,"href":"https:\/\/unis.hr\/shop\/wp-json\/wp\/v2\/product_brand?post=814"},{"taxonomy":"product_cat","embeddable":true,"href":"https:\/\/unis.hr\/shop\/wp-json\/wp\/v2\/product_cat?post=814"},{"taxonomy":"product_tag","embeddable":true,"href":"https:\/\/unis.hr\/shop\/wp-json\/wp\/v2\/product_tag?post=814"}],"curies":[{"name":"wp","href":"https:\/\/api.w.org\/{rel}","templated":true}]}}