{"id":801,"date":"2025-04-03T11:07:34","date_gmt":"2025-04-03T10:07:34","guid":{"rendered":"https:\/\/unis.hr\/shop\/?post_type=product&#038;p=801"},"modified":"2026-02-05T17:04:26","modified_gmt":"2026-02-05T16:04:26","slug":"protuprovalno-protupozarna-vrata-portrisa-model-euro-power","status":"publish","type":"product","link":"https:\/\/unis.hr\/shop\/product\/protuprovalno-protupozarna-vrata-portrisa-model-euro-power\/","title":{"rendered":"Protuprovalno protupo\u017earna vrata PORTRISA | model EURO POWER"},"content":{"rendered":"<p>Gdje sigurnost, elegancija i tehni\u010dka inovativnost dolaze zajedno&#8230;<\/p>\n<p>Visoka tre\u0107a klasa protuprovalnosti usavr\u0161ena do najsitnijih detalja, pomno odabrane komponente vrhunske kvalitete i maksimalne sigurnosti, i nadasve povoljna cijena \u010dine ovaj proizvod idealnim rje\u0161enjem za opremanje doma koje \u0107e savr\u0161eno odgovarati uz svaki stil&#8230;<br \/>\nNamjena: za unutarnju ugradnju na granicama po\u017earnih sektora.<\/p>\n<p>Karakteristike:<br \/>\nProtuprovalna cilindar brava CISA premium kvalitete | Cilindar visoke sigurnosti ISEO R6 plus (5 korisni\u010dkih klju\u010deva + 1 monterski + kartica) | \u0160titnik cilindra (defender) | Gornji sigurnosni devijatori | Donji sigurnosni devijatori | \u0160irokokutno zurilo s poklopcem | Podesivi panti | Dvostruke brtve | Sigurnosni fiksni klinovi | Rukohvat (kugla\/kvaka) u srebrnoj boji | Unutarnji i vanjski MDF panel vrata u wenge boji | Grani\u010dnik (limitator) otvaranja | Donja pokretna brtva (metlica) | Vanjski pocin\u010dani \u010deli\u010dni lim 1 mm | Unutarnji \u010deli\u010dni omega profili 1 mm | \u010celi\u010dni slijepi dovratnik 2 mm | \u010celi\u010dni dovratnik 1,5 mm u sme\u0111oj boji.<\/p>\n","protected":false},"excerpt":{"rendered":"<p>MDF paneli | dekor wenge<\/p>\n","protected":false},"featured_media":760,"template":"","meta":{"pagelayer_contact_templates":[],"_pagelayer_content":""},"product_brand":[46],"product_cat":[34],"product_tag":[108,116,117],"class_list":{"0":"post-801","1":"product","2":"type-product","3":"status-publish","4":"has-post-thumbnail","6":"product_brand-portrisa","7":"product_cat-protuprovalna_vrata","8":"product_tag-portrisa","9":"product_tag-protuprovalno-protupozarna-vrata","10":"product_tag-wenge","12":"first","13":"instock","14":"sale","15":"shipping-taxable","16":"purchasable","17":"product-type-simple"},"jetpack_sharing_enabled":true,"_links":{"self":[{"href":"https:\/\/unis.hr\/shop\/wp-json\/wp\/v2\/product\/801","targetHints":{"allow":["GET"]}}],"collection":[{"href":"https:\/\/unis.hr\/shop\/wp-json\/wp\/v2\/product"}],"about":[{"href":"https:\/\/unis.hr\/shop\/wp-json\/wp\/v2\/types\/product"}],"wp:featuredmedia":[{"embeddable":true,"href":"https:\/\/unis.hr\/shop\/wp-json\/wp\/v2\/media\/760"}],"wp:attachment":[{"href":"https:\/\/unis.hr\/shop\/wp-json\/wp\/v2\/media?parent=801"}],"wp:term":[{"taxonomy":"product_brand","embeddable":true,"href":"https:\/\/unis.hr\/shop\/wp-json\/wp\/v2\/product_brand?post=801"},{"taxonomy":"product_cat","embeddable":true,"href":"https:\/\/unis.hr\/shop\/wp-json\/wp\/v2\/product_cat?post=801"},{"taxonomy":"product_tag","embeddable":true,"href":"https:\/\/unis.hr\/shop\/wp-json\/wp\/v2\/product_tag?post=801"}],"curies":[{"name":"wp","href":"https:\/\/api.w.org\/{rel}","templated":true}]}}