{"id":795,"date":"2025-04-03T10:48:21","date_gmt":"2025-04-03T09:48:21","guid":{"rendered":"https:\/\/unis.hr\/shop\/?post_type=product&#038;p=795"},"modified":"2026-02-05T17:16:19","modified_gmt":"2026-02-05T16:16:19","slug":"protuprovalna-vrata-defender-2","status":"publish","type":"product","link":"https:\/\/unis.hr\/shop\/product\/protuprovalna-vrata-defender-2\/","title":{"rendered":"Protuprovalna vrata DEFENDER"},"content":{"rendered":"<p>Obrana va\u0161eg doma i pozornost posve\u0107ena stilu, za osje\u0107aj kao kod ku\u0107e&#8230; Protuprovalna vrata s jakim tehnolo\u0161kim otiskom koji odlikuje kombinacija inovativnih materijala i profinjene izrade. Proizvodna komponenta iskori\u0161tava sinergiju izme\u0111u \u010dovjeka i stroja, kori\u0161tenjem opreme najnovije generacije, namjerno odr\u017eavaju\u0107i jaku zanatsku konotaciju gdje je ljudski element sna\u017eno prisutan. U protuprovalnim vratima DEFENDER prona\u0107i \u0107ete rje\u0161enje za definiranje va\u0161eg prostora koje nudi visoku 3. klasu protuprovalnosti, sigurnosni mehanizam provjerene kvalitete, zavr\u0161nu obradu sna\u017enog ukrasnog karaktera i suvremenog dizajna koja po\u0161tuje va\u0161u osobnost prema svim stilskim zahtjevima..<br \/>\nNamjena: za unutarnju ugradnju<br \/>\nKarakteristike:<\/p>\n<p>Protuprovalna be\u0161umna cilindar brava Securemme | Cilindar visoke sigurnosti Securemme EVOK22 (5 korisni\u010dkih klju\u010deva + 1 monterski + kartica) | \u0160titnik cilindra (defender) | Gornji sigurnosni devijatori | Donji sigurnosni devijatori | \u0160irokokutno zurilo s poklopcem | Podesivi panti | Sigurnosni fiksni klinovi | Rukohvat (kugla\/kvaka) u srebrnoj boji | Unutarnji i vanjski MDF panel vrata u prirodnoj wenge boji | Donja pokretna brtva (metlica) | Op\u0161avne lajsne vratnog krila od eloksiranog crnog aluminija | \u010celi\u010dni slijepi pocin\u010dani dovratak 2 mm | \u010celi\u010dni dovratak u crnoj boji.<\/p>\n","protected":false},"excerpt":{"rendered":"<p>MDF paneli | dekor wenge vertikalni<\/p>\n","protected":false},"featured_media":796,"template":"","meta":{"pagelayer_contact_templates":[],"_pagelayer_content":""},"product_brand":[47],"product_cat":[34],"product_tag":[113,98,115],"class_list":{"0":"post-795","1":"product","2":"type-product","3":"status-publish","4":"has-post-thumbnail","6":"product_brand-ica","7":"product_cat-protuprovalna_vrata","8":"product_tag-defender","9":"product_tag-protuprovalna-vrata","10":"product_tag-wenge-vertikalni","12":"first","13":"instock","14":"sale","15":"shipping-taxable","16":"purchasable","17":"product-type-simple"},"jetpack_sharing_enabled":true,"_links":{"self":[{"href":"https:\/\/unis.hr\/shop\/wp-json\/wp\/v2\/product\/795","targetHints":{"allow":["GET"]}}],"collection":[{"href":"https:\/\/unis.hr\/shop\/wp-json\/wp\/v2\/product"}],"about":[{"href":"https:\/\/unis.hr\/shop\/wp-json\/wp\/v2\/types\/product"}],"wp:featuredmedia":[{"embeddable":true,"href":"https:\/\/unis.hr\/shop\/wp-json\/wp\/v2\/media\/796"}],"wp:attachment":[{"href":"https:\/\/unis.hr\/shop\/wp-json\/wp\/v2\/media?parent=795"}],"wp:term":[{"taxonomy":"product_brand","embeddable":true,"href":"https:\/\/unis.hr\/shop\/wp-json\/wp\/v2\/product_brand?post=795"},{"taxonomy":"product_cat","embeddable":true,"href":"https:\/\/unis.hr\/shop\/wp-json\/wp\/v2\/product_cat?post=795"},{"taxonomy":"product_tag","embeddable":true,"href":"https:\/\/unis.hr\/shop\/wp-json\/wp\/v2\/product_tag?post=795"}],"curies":[{"name":"wp","href":"https:\/\/api.w.org\/{rel}","templated":true}]}}