{"id":696,"date":"2025-03-29T19:15:22","date_gmt":"2025-03-29T18:15:22","guid":{"rendered":"https:\/\/unis.hr\/shop\/?post_type=product&#038;p=696"},"modified":"2026-02-05T12:24:20","modified_gmt":"2026-02-05T11:24:20","slug":"ulazna-vrata-boston-72-termo-antracit","status":"publish","type":"product","link":"https:\/\/unis.hr\/shop\/product\/ulazna-vrata-boston-72-termo-antracit\/","title":{"rendered":"Ulazna vrata BOSTON 72 TERMO antracit"},"content":{"rendered":"<p>Ulazna vrata BOSTON 72 TERMO su elegantna ulazna metalna vrata koja pru\u017eaju cjelovito rje\u0161enje za opremanje doma koje \u0107e savr\u0161eno odgovarati uz svaki stil. Ovaj model karakterizira vratno krilo izra\u0111eno od hladno valjanog \u010deli\u010dnog pocin\u010danog lima povr\u0161inski za\u0161ti\u0107enog metodom polimerizacije koja daje vratima sigurnost i atraktivnost u isto vrijeme. Vratno krilo debljine 72 mm ispunjeno je pjenastim polistirenom \u0161to mu daje odli\u010dne karakteristike toplinske izolacije (1.1 W\/m2K). Povr\u0161ina vratnog krila je tretirana naprednom NANO Advance tehnologijom kojom se posti\u017ee visoka kvaliteta zavr\u0161nog sloja te pove\u0107ava otpornost na ogrebotine i UV zra\u010denje.<\/p>\n<p>Karakteristike vrata:<br \/>\nNamjena: vanjska \/ unutarnja<br \/>\nSigurnost: protuprovalna za\u0161tita vrata u formi dvije odvojene cilindar brave, svaka s tri pomi\u010dna \u010deli\u010dna klina<br \/>\nSadr\u017eaj kompleta: vratno krilo, dovratnik, aluminijski termo prag, komplet brtvi za dovratnik, vratno krilo i prag, cilindri Pantor s klju\u010devima u master sustavu i komplet rukohvat (kvaka\/kvaka).<\/p>\n","protected":false},"excerpt":{"rendered":"<p>Ulazna vrata BOSTON 72 TERMO su elegantna ulazna metalna vrata koja pru\u017eaju cjelovito rje\u0161enje za opremanje doma koje \u0107e savr\u0161eno odgovarati uz svaki stil&#8230;<\/p>\n","protected":false},"featured_media":699,"template":"","meta":{"pagelayer_contact_templates":[],"_pagelayer_content":""},"product_brand":[44],"product_cat":[15],"product_tag":[74,92,93,49],"class_list":{"0":"post-696","1":"product","2":"type-product","3":"status-publish","4":"has-post-thumbnail","6":"product_brand-pantor","7":"product_cat-ulazna_vrata","8":"product_tag-antracit","9":"product_tag-boston-72","10":"product_tag-termo","11":"product_tag-ulazna-vrata","13":"first","14":"instock","15":"sale","16":"featured","17":"shipping-taxable","18":"purchasable","19":"product-type-simple"},"jetpack_sharing_enabled":true,"_links":{"self":[{"href":"https:\/\/unis.hr\/shop\/wp-json\/wp\/v2\/product\/696","targetHints":{"allow":["GET"]}}],"collection":[{"href":"https:\/\/unis.hr\/shop\/wp-json\/wp\/v2\/product"}],"about":[{"href":"https:\/\/unis.hr\/shop\/wp-json\/wp\/v2\/types\/product"}],"wp:featuredmedia":[{"embeddable":true,"href":"https:\/\/unis.hr\/shop\/wp-json\/wp\/v2\/media\/699"}],"wp:attachment":[{"href":"https:\/\/unis.hr\/shop\/wp-json\/wp\/v2\/media?parent=696"}],"wp:term":[{"taxonomy":"product_brand","embeddable":true,"href":"https:\/\/unis.hr\/shop\/wp-json\/wp\/v2\/product_brand?post=696"},{"taxonomy":"product_cat","embeddable":true,"href":"https:\/\/unis.hr\/shop\/wp-json\/wp\/v2\/product_cat?post=696"},{"taxonomy":"product_tag","embeddable":true,"href":"https:\/\/unis.hr\/shop\/wp-json\/wp\/v2\/product_tag?post=696"}],"curies":[{"name":"wp","href":"https:\/\/api.w.org\/{rel}","templated":true}]}}