{"id":667,"date":"2025-03-29T18:46:53","date_gmt":"2025-03-29T17:46:53","guid":{"rendered":"https:\/\/unis.hr\/shop\/?post_type=product&#038;p=667"},"modified":"2026-02-05T11:59:52","modified_gmt":"2026-02-05T10:59:52","slug":"ulazna-vrata-sonata-03-bijela","status":"publish","type":"product","link":"https:\/\/unis.hr\/shop\/product\/ulazna-vrata-sonata-03-bijela\/","title":{"rendered":"Ulazna vrata SONATA 03 bijela"},"content":{"rendered":"<p>Ulazna vrata SONATA 03 su elegantna ulazna metalna vrata koja pru\u017eaju cjelovito rje\u0161enje za opremanje doma koje \u0107e savr\u0161eno odgovarati uz svaki stil. Ovaj model karakterizira kombinacija vratnog krila izra\u0111enog od dvostrukog kaljenog sigurnosnog stakla i hladno valjanog \u010deli\u010dnog pocin\u010danog lima povr\u0161inski za\u0161ti\u0107enog metodom polimerizacije koja daje vratima sigurnost i atraktivnost u isto vrijeme. Vratno krilo debljine 55 mm ispunjeno je pjenastim polistirenom \u0161to mu daje odli\u010dne karakteristike toplinske izolacije. Povr\u0161ina vratnog krila je tretirana naprednom NANO Advance tehnologijom kojom se posti\u017ee visoka kvaliteta zavr\u0161nog sloja te pove\u0107ava otpornost na ogrebotine i UV zra\u010denje.<\/p>\n<p>Karakteristike vrata:<br \/>\nNamjena: vanjska<br \/>\nSigurnost: protuprovalna za\u0161tita vrata u formi dvije odvojene cilindar brave, svaka s tri pomi\u010dna \u010deli\u010dna klina te \u0161titnicima cilindra.<br \/>\nSadr\u017eaj kompleta: vratno krilo, dovratnik, aluminijski prag, komplet brtvi, ukrasna inox aplikacija, cilindri Pantor s klju\u010devima u master sustavu i komplet rukohvat (fiksna kugla\/kvaka ili kvaka\/kvaka) sa \u0161titnicima cilindra.<\/p>\n","protected":false},"excerpt":{"rendered":"<p>Ulazna vrata SONATA 03 su elegantna ulazna metalna vrata koja pru\u017eaju cjelovito rje\u0161enje za opremanje doma koje \u0107e savr\u0161eno odgovarati uz svaki stil&#8230;<\/p>\n","protected":false},"featured_media":670,"template":"","meta":{"pagelayer_contact_templates":[],"_pagelayer_content":""},"product_brand":[44],"product_cat":[15],"product_tag":[76,82,49],"class_list":{"0":"post-667","1":"product","2":"type-product","3":"status-publish","4":"has-post-thumbnail","6":"product_brand-pantor","7":"product_cat-ulazna_vrata","8":"product_tag-bijela","9":"product_tag-sonata-03","10":"product_tag-ulazna-vrata","12":"first","13":"instock","14":"sale","15":"shipping-taxable","16":"purchasable","17":"product-type-simple"},"jetpack_sharing_enabled":true,"_links":{"self":[{"href":"https:\/\/unis.hr\/shop\/wp-json\/wp\/v2\/product\/667","targetHints":{"allow":["GET"]}}],"collection":[{"href":"https:\/\/unis.hr\/shop\/wp-json\/wp\/v2\/product"}],"about":[{"href":"https:\/\/unis.hr\/shop\/wp-json\/wp\/v2\/types\/product"}],"wp:featuredmedia":[{"embeddable":true,"href":"https:\/\/unis.hr\/shop\/wp-json\/wp\/v2\/media\/670"}],"wp:attachment":[{"href":"https:\/\/unis.hr\/shop\/wp-json\/wp\/v2\/media?parent=667"}],"wp:term":[{"taxonomy":"product_brand","embeddable":true,"href":"https:\/\/unis.hr\/shop\/wp-json\/wp\/v2\/product_brand?post=667"},{"taxonomy":"product_cat","embeddable":true,"href":"https:\/\/unis.hr\/shop\/wp-json\/wp\/v2\/product_cat?post=667"},{"taxonomy":"product_tag","embeddable":true,"href":"https:\/\/unis.hr\/shop\/wp-json\/wp\/v2\/product_tag?post=667"}],"curies":[{"name":"wp","href":"https:\/\/api.w.org\/{rel}","templated":true}]}}