{"id":478,"date":"2021-08-19T11:47:47","date_gmt":"2021-08-19T11:47:47","guid":{"rendered":"https:\/\/ownshop.spiraclethemes.com\/ownstore\/?post_type=product&#038;p=38"},"modified":"2026-02-05T11:45:51","modified_gmt":"2026-02-05T10:45:51","slug":"sofia","status":"publish","type":"product","link":"https:\/\/unis.hr\/shop\/product\/sofia\/","title":{"rendered":"Ulazna vrata SOFIA antracit"},"content":{"rendered":"<p>Ulazna vrata SOFIA su klasi\u010dna ulazna metalna vrata koja pru\u017eaju cjelovito rje\u0161enje za opremanje doma koje \u0107e savr\u0161eno odgovarati uz svaki stil. Ovaj model karakterizira vratno krilo izra\u0111eno od hladno valjanog \u010deli\u010dnog pocin\u010danog lima povr\u0161inski za\u0161ti\u0107enog metodom polimerizacije koja daje vratima sigurnost i atraktivnost u isto vrijeme. Vratno krilo debljine 56 mm ispunjeno je pjenastim polistirenom \u0161to mu daje odli\u010dne karakteristike toplinske izolacije.<\/p>\n<p>Karakteristike vrata:<br \/>\nNamjena: univerzalna (unutarnja | vanjska)<br \/>\nSigurnost: protuprovalna za\u0161tita vrata u formi dvije odvojene cilindar brave, svaka s tri pomi\u010dna \u010deli\u010dna klina.<br \/>\nSadr\u017eaj kompleta: vratno krilo, dovratnik u antracit boji, inox prag, komplet brtvi, cilindar i rukohvat kvaka\/kvaka.<\/p>\n","protected":false},"excerpt":{"rendered":"<p>Ulazna vrata SOFIA su klasi\u010dna ulazna metalna vrata koja pru\u017eaju cjelovito rje\u0161enje za opremanje doma koje \u0107e savr\u0161eno odgovarati uz svaki stil&#8230;<\/p>\n","protected":false},"featured_media":596,"template":"","meta":{"pagelayer_contact_templates":[],"_pagelayer_content":""},"product_brand":[44],"product_cat":[15],"product_tag":[51,52,49],"class_list":{"0":"post-478","1":"product","2":"type-product","3":"status-publish","4":"has-post-thumbnail","6":"product_brand-pantor","7":"product_cat-ulazna_vrata","8":"product_tag-pantor","9":"product_tag-sofia","10":"product_tag-ulazna-vrata","12":"first","13":"instock","14":"sale","15":"shipping-taxable","16":"purchasable","17":"product-type-simple"},"jetpack_sharing_enabled":true,"_links":{"self":[{"href":"https:\/\/unis.hr\/shop\/wp-json\/wp\/v2\/product\/478","targetHints":{"allow":["GET"]}}],"collection":[{"href":"https:\/\/unis.hr\/shop\/wp-json\/wp\/v2\/product"}],"about":[{"href":"https:\/\/unis.hr\/shop\/wp-json\/wp\/v2\/types\/product"}],"wp:featuredmedia":[{"embeddable":true,"href":"https:\/\/unis.hr\/shop\/wp-json\/wp\/v2\/media\/596"}],"wp:attachment":[{"href":"https:\/\/unis.hr\/shop\/wp-json\/wp\/v2\/media?parent=478"}],"wp:term":[{"taxonomy":"product_brand","embeddable":true,"href":"https:\/\/unis.hr\/shop\/wp-json\/wp\/v2\/product_brand?post=478"},{"taxonomy":"product_cat","embeddable":true,"href":"https:\/\/unis.hr\/shop\/wp-json\/wp\/v2\/product_cat?post=478"},{"taxonomy":"product_tag","embeddable":true,"href":"https:\/\/unis.hr\/shop\/wp-json\/wp\/v2\/product_tag?post=478"}],"curies":[{"name":"wp","href":"https:\/\/api.w.org\/{rel}","templated":true}]}}