{"id":1658,"date":"2026-02-25T11:25:50","date_gmt":"2026-02-25T10:25:50","guid":{"rendered":"https:\/\/unis.hr\/shop\/?post_type=product&#038;p=1658"},"modified":"2026-02-25T12:22:13","modified_gmt":"2026-02-25T11:22:13","slug":"pametna-brava-za-vrata-tedee_pro","status":"publish","type":"product","link":"https:\/\/unis.hr\/shop\/product\/pametna-brava-za-vrata-tedee_pro\/","title":{"rendered":"Pametna brava za vrata Tedee Pro"},"content":{"rendered":"<h4>Osnovne karakteristike:<\/h4>\n<p>&#8211; Najmanja revolucionarna brava na svijetu s u\u010dinkovitom baterijom omogu\u0107uje vam daljinsko upravljanje pristupom vratima va\u0161e ku\u0107e, stana ili poslovnog prostora<br \/>\n&#8211; U\u010dinkovita baterija koju je potrebno puniti samo jednom svakih \u0161est mjeseci<br \/>\n&#8211; Funkcionalnost udaljenog pristupa<br \/>\n&#8211; Sustav upravljanja gostima<br \/>\n&#8211; Nadgledanje aktivnosti i obavje\u0161tavanje<br \/>\n&#8211; Sigurnost: TLS 1.3 protokol s 256-bitnim sigurnosnim klju\u010dem<br \/>\n&#8211; Pribor: Micro-USB kabel s magnetskim adapterom<\/p>\n<p>&nbsp;<\/p>\n<p><iframe title=\"Pametna brava Tedee Pro\" width=\"540\" height=\"960\" src=\"https:\/\/www.youtube.com\/embed\/pbiGP4tVgJg?feature=oembed\" frameborder=\"0\" allow=\"accelerometer; autoplay; clipboard-write; encrypted-media; gyroscope; picture-in-picture; web-share\" referrerpolicy=\"strict-origin-when-cross-origin\" allowfullscreen><\/iframe><\/p>\n","protected":false},"excerpt":{"rendered":"<p>Nadogradite svoja vrata pametnom bravom Tedee Pro koja \u0107e vam omogu\u0107iti zaklju\u010davanje i otklju\u010davanje vrata &#8211; bez obzira gdje se nalazili. Dodijelite ovla\u0161tenja za pristup bez fizi\u010dke distribucije klju\u010deva, pogledajte tko je i kada ulazio, dodijelite virtualne klju\u010deve gostima i provjerite jesu li vrata otvorena ili zatvorena.<\/p>\n<p>Sve je to omogu\u0107eno putem Tedee aplikacije. Jednom kada se pove\u017eete s aplikacijom, mo\u017eete osigurati, nadzirati i upravljati pristupom svom domu putem svog mobilnog telefona s bilo kojeg mjesta na svijetu (*potreban Tedee bridge).<\/p>\n<p>U\u017eivajte u miru i sigurnosti, za\u0161ti\u0107eni najnovijom pametnom bravom Tedee u koju su ugra\u0111ene godine sigurnosne stru\u010dnosti i iskustva.<\/p>\n","protected":false},"featured_media":1659,"template":"","meta":{"pagelayer_contact_templates":[],"_pagelayer_content":""},"product_brand":[128,212],"product_cat":[39],"product_tag":[195,134,209],"class_list":{"0":"post-1658","1":"product","2":"type-product","3":"status-publish","4":"has-post-thumbnail","6":"product_brand-gerda-poljska","7":"product_brand-tedee","8":"product_cat-pametne_brave","9":"product_tag-gerda","10":"product_tag-pametna-brava","11":"product_tag-tedee-pro","13":"first","14":"instock","15":"sale","16":"shipping-taxable","17":"purchasable","18":"product-type-simple"},"jetpack_sharing_enabled":true,"_links":{"self":[{"href":"https:\/\/unis.hr\/shop\/wp-json\/wp\/v2\/product\/1658","targetHints":{"allow":["GET"]}}],"collection":[{"href":"https:\/\/unis.hr\/shop\/wp-json\/wp\/v2\/product"}],"about":[{"href":"https:\/\/unis.hr\/shop\/wp-json\/wp\/v2\/types\/product"}],"wp:featuredmedia":[{"embeddable":true,"href":"https:\/\/unis.hr\/shop\/wp-json\/wp\/v2\/media\/1659"}],"wp:attachment":[{"href":"https:\/\/unis.hr\/shop\/wp-json\/wp\/v2\/media?parent=1658"}],"wp:term":[{"taxonomy":"product_brand","embeddable":true,"href":"https:\/\/unis.hr\/shop\/wp-json\/wp\/v2\/product_brand?post=1658"},{"taxonomy":"product_cat","embeddable":true,"href":"https:\/\/unis.hr\/shop\/wp-json\/wp\/v2\/product_cat?post=1658"},{"taxonomy":"product_tag","embeddable":true,"href":"https:\/\/unis.hr\/shop\/wp-json\/wp\/v2\/product_tag?post=1658"}],"curies":[{"name":"wp","href":"https:\/\/api.w.org\/{rel}","templated":true}]}}