{"id":1165,"date":"2025-05-20T16:28:09","date_gmt":"2025-05-20T15:28:09","guid":{"rendered":"https:\/\/unis.hr\/shop\/?post_type=product&#038;p=1165"},"modified":"2026-02-05T11:07:16","modified_gmt":"2026-02-05T10:07:16","slug":"ulazna-protuprovalna-vrata-optima-60-model-milano-12","status":"publish","type":"product","link":"https:\/\/unis.hr\/shop\/product\/ulazna-protuprovalna-vrata-optima-60-model-milano-12\/","title":{"rendered":"Ulazna protuprovalna vrata OPTIMA 60 |  model Milano 12"},"content":{"rendered":"<p>Ulazna protuprovalna vrata OPTIMA 60 su elegantna ulazna metalna vrata koja pru\u017eaju cjelovito rje\u0161enje za opremanje doma koje \u0107e savr\u0161eno odgovarati uz svaki stil. Ovaj model karakterizira vratno krilo izra\u0111eno od hladno valjanog \u010deli\u010dnog pocin\u010danog lima povr\u0161inski za\u0161ti\u0107enog dekorativnim laminiranim slojem u \u010deli\u010dno sivoj boji. Vratno krilo debljine 60 mm uklju\u010duje diskretni stakleni panel koji dizajnu dodaje svjetlosni efekt a ostatak vratnog krila ispunjen je grafitnim polistirenom \u0161to mu daje odli\u010dne karakteristike toplinske izolacije.<\/p>\n<h4>Karakteristike vrata:<\/h4>\n<p>Namjena: vanjska<br \/>\nSigurnost: protuprovalna za\u0161tita vrata u formi dvije odvojene cilindar brave, svaka s tri pomi\u010dna \u010deli\u010dna klina.<br \/>\nSadr\u017eaj kompleta: vratno krilo, dovratnik, aluminijski termo prag, komplet brtvi za dovratnik i vratno krilo, cilindri Gerda s klju\u010devima u master sustavu, komplet \u0161titnika cilindra, unutarnji pokretni rukohvat (kvaka) i vanjska aluminijska dekorativna letva du\u017eine 1500 mm.<\/p>\n","protected":false},"excerpt":{"rendered":"<p>Ulazna protuprovalna vrata OPTIMA 60 Milano su elegantna ulazna metalna vrata koja pru\u017eaju cjelovito rje\u0161enje za opremanje doma koje \u0107e savr\u0161eno odgovarati uz svaki stil\u2026<\/p>\n","protected":false},"featured_media":1168,"template":"","meta":{"pagelayer_contact_templates":[],"_pagelayer_content":""},"product_brand":[128],"product_cat":[15,34],"product_tag":[194,193,98,49],"class_list":{"0":"post-1165","1":"product","2":"type-product","3":"status-publish","4":"has-post-thumbnail","6":"product_brand-gerda-poljska","7":"product_cat-ulazna_vrata","8":"product_cat-protuprovalna_vrata","9":"product_tag-milano-12","10":"product_tag-optima-60","11":"product_tag-protuprovalna-vrata","12":"product_tag-ulazna-vrata","14":"first","15":"instock","16":"sale","17":"shipping-taxable","18":"purchasable","19":"product-type-simple"},"jetpack_sharing_enabled":true,"_links":{"self":[{"href":"https:\/\/unis.hr\/shop\/wp-json\/wp\/v2\/product\/1165","targetHints":{"allow":["GET"]}}],"collection":[{"href":"https:\/\/unis.hr\/shop\/wp-json\/wp\/v2\/product"}],"about":[{"href":"https:\/\/unis.hr\/shop\/wp-json\/wp\/v2\/types\/product"}],"wp:featuredmedia":[{"embeddable":true,"href":"https:\/\/unis.hr\/shop\/wp-json\/wp\/v2\/media\/1168"}],"wp:attachment":[{"href":"https:\/\/unis.hr\/shop\/wp-json\/wp\/v2\/media?parent=1165"}],"wp:term":[{"taxonomy":"product_brand","embeddable":true,"href":"https:\/\/unis.hr\/shop\/wp-json\/wp\/v2\/product_brand?post=1165"},{"taxonomy":"product_cat","embeddable":true,"href":"https:\/\/unis.hr\/shop\/wp-json\/wp\/v2\/product_cat?post=1165"},{"taxonomy":"product_tag","embeddable":true,"href":"https:\/\/unis.hr\/shop\/wp-json\/wp\/v2\/product_tag?post=1165"}],"curies":[{"name":"wp","href":"https:\/\/api.w.org\/{rel}","templated":true}]}}