{"id":1143,"date":"2025-05-08T10:13:08","date_gmt":"2025-05-08T09:13:08","guid":{"rendered":"https:\/\/unis.hr\/shop\/?post_type=product&#038;p=1143"},"modified":"2025-05-08T10:14:15","modified_gmt":"2025-05-08T09:14:15","slug":"stitnik-cilindra-jnf-tb","status":"publish","type":"product","link":"https:\/\/unis.hr\/shop\/product\/stitnik-cilindra-jnf-tb\/","title":{"rendered":"\u0160titnik cilindra JNF | IN.04.29S TB"},"content":{"rendered":"<h4>Sadr\u017eaj kompleta:<\/h4>\n<p>\u2013 vanjski \u0161titnik cilindra \u00d855 mm<\/p>\n<p>\u2013 unutarnja rozeta s vijcima za spajanje<\/p>\n<p>\u2013 vanjska obrada: TB (titanium black) crna<\/p>\n","protected":false},"excerpt":{"rendered":"<p>Visokosigurnosni \u0161titnik (defender) cilindra euro profila. Automatsko pode\u0161avanje za razli\u010dite debljine vrata i prepuste cilindra. Za\u0161tita cilindra od lomljenja i bu\u0161enja.<\/p>\n","protected":false},"featured_media":1146,"template":"","meta":{"pagelayer_contact_templates":[],"_pagelayer_content":""},"product_brand":[163],"product_cat":[33],"product_tag":[165,164],"class_list":{"0":"post-1143","1":"product","2":"type-product","3":"status-publish","4":"has-post-thumbnail","6":"product_brand-jnf-portugal","7":"product_cat-pribor_za_vrata","8":"product_tag-jnf","9":"product_tag-stitnik-cilindra","11":"first","12":"instock","13":"shipping-taxable","14":"purchasable","15":"product-type-simple"},"jetpack_sharing_enabled":true,"_links":{"self":[{"href":"https:\/\/unis.hr\/shop\/wp-json\/wp\/v2\/product\/1143","targetHints":{"allow":["GET"]}}],"collection":[{"href":"https:\/\/unis.hr\/shop\/wp-json\/wp\/v2\/product"}],"about":[{"href":"https:\/\/unis.hr\/shop\/wp-json\/wp\/v2\/types\/product"}],"wp:featuredmedia":[{"embeddable":true,"href":"https:\/\/unis.hr\/shop\/wp-json\/wp\/v2\/media\/1146"}],"wp:attachment":[{"href":"https:\/\/unis.hr\/shop\/wp-json\/wp\/v2\/media?parent=1143"}],"wp:term":[{"taxonomy":"product_brand","embeddable":true,"href":"https:\/\/unis.hr\/shop\/wp-json\/wp\/v2\/product_brand?post=1143"},{"taxonomy":"product_cat","embeddable":true,"href":"https:\/\/unis.hr\/shop\/wp-json\/wp\/v2\/product_cat?post=1143"},{"taxonomy":"product_tag","embeddable":true,"href":"https:\/\/unis.hr\/shop\/wp-json\/wp\/v2\/product_tag?post=1143"}],"curies":[{"name":"wp","href":"https:\/\/api.w.org\/{rel}","templated":true}]}}