{"id":1139,"date":"2025-05-08T09:03:51","date_gmt":"2025-05-08T08:03:51","guid":{"rendered":"https:\/\/unis.hr\/shop\/?post_type=product&#038;p=1139"},"modified":"2025-05-08T09:03:51","modified_gmt":"2025-05-08T08:03:51","slug":"brtva-za-protuprovalna-vrata-geko-blind","status":"publish","type":"product","link":"https:\/\/unis.hr\/shop\/product\/brtva-za-protuprovalna-vrata-geko-blind\/","title":{"rendered":"Brtva za protuprovalna vrata &#8211; GEKO BLIND"},"content":{"rendered":"<h4>GEKO BLIND brtva:<\/h4>\n<p>&#8211; samoljepiva izoliraju\u0107a brtva od pjenaste gume pogodna za protuprovalna vrata;<\/p>\n<p>&#8211; \u0161titi od hladno\u0107e, propuha i vlage te \u0161tedi energiju;<\/p>\n<p>&#8211; vrlo fleksibilna;<\/p>\n<p>&#8211; jednostavna i brza instalacija;<\/p>\n<p>&#8211; 17 x 10 mm | 8 m, crna<\/p>\n","protected":false},"excerpt":{"rendered":"<p>GEKO BLIND brtva; samoljepiva izoliraju\u0107a brtva od pjenaste gume za protuprovalna vrata.<\/p>\n","protected":false},"featured_media":1142,"template":"","meta":{"pagelayer_contact_templates":[],"_pagelayer_content":""},"product_brand":[185],"product_cat":[33],"product_tag":[186,187],"class_list":{"0":"post-1139","1":"product","2":"type-product","3":"status-publish","4":"has-post-thumbnail","6":"product_brand-geko-italija","7":"product_cat-pribor_za_vrata","8":"product_tag-brtva","9":"product_tag-geko","11":"first","12":"instock","13":"shipping-taxable","14":"purchasable","15":"product-type-simple"},"jetpack_sharing_enabled":true,"_links":{"self":[{"href":"https:\/\/unis.hr\/shop\/wp-json\/wp\/v2\/product\/1139","targetHints":{"allow":["GET"]}}],"collection":[{"href":"https:\/\/unis.hr\/shop\/wp-json\/wp\/v2\/product"}],"about":[{"href":"https:\/\/unis.hr\/shop\/wp-json\/wp\/v2\/types\/product"}],"wp:featuredmedia":[{"embeddable":true,"href":"https:\/\/unis.hr\/shop\/wp-json\/wp\/v2\/media\/1142"}],"wp:attachment":[{"href":"https:\/\/unis.hr\/shop\/wp-json\/wp\/v2\/media?parent=1139"}],"wp:term":[{"taxonomy":"product_brand","embeddable":true,"href":"https:\/\/unis.hr\/shop\/wp-json\/wp\/v2\/product_brand?post=1139"},{"taxonomy":"product_cat","embeddable":true,"href":"https:\/\/unis.hr\/shop\/wp-json\/wp\/v2\/product_cat?post=1139"},{"taxonomy":"product_tag","embeddable":true,"href":"https:\/\/unis.hr\/shop\/wp-json\/wp\/v2\/product_tag?post=1139"}],"curies":[{"name":"wp","href":"https:\/\/api.w.org\/{rel}","templated":true}]}}