{"id":1095,"date":"2025-04-12T18:05:11","date_gmt":"2025-04-12T17:05:11","guid":{"rendered":"https:\/\/unis.hr\/shop\/?post_type=product&#038;p=1095"},"modified":"2025-04-12T18:06:21","modified_gmt":"2025-04-12T17:06:21","slug":"sigurnosni-cilindar-jnf-s30","status":"publish","type":"product","link":"https:\/\/unis.hr\/shop\/product\/sigurnosni-cilindar-jnf-s30\/","title":{"rendered":"Sigurnosni cilindar JNF S30"},"content":{"rendered":"<h4>Karakteristike:<\/h4>\n<p>&#8211; Sigurnosni cilindar euro profila s 18 pinova.<\/p>\n<p>&#8211; Isporu\u010duje se s 5 klju\u010deva, reverzibilnih, koji se mogu umetnuti u cilindar s obje strane.<\/p>\n<p>&#8211; Patentirani profil klju\u010da.<\/p>\n<p>&#8211; Klju\u010devi se mogu kopirati samo uz predo\u010denje kartice i dopu\u0161tenje od strane vlasnika.<\/p>\n<p>&#8211; Kopije klju\u010deva proizvodi i kontrolira isklju\u010divo tvrtka JNF Portugal.<\/p>\n","protected":false},"excerpt":{"rendered":"<p>Cilindar ima sustav dvostrukog djelovanja kao standard, obostrano je aktivan i omogu\u0107uje otvaranje izvana \u010dak ako se klju\u010d ve\u0107 nalazi u cilindru s unutarnje strane.<\/p>\n<p>Pogodan je za uporabu u pametnim bravama kao \u0161to je Lockin Smart Lock.<\/p>\n","protected":false},"featured_media":1098,"template":"","meta":{"pagelayer_contact_templates":[],"_pagelayer_content":""},"product_brand":[163],"product_cat":[33],"product_tag":[165,175],"class_list":{"0":"post-1095","1":"product","2":"type-product","3":"status-publish","4":"has-post-thumbnail","6":"product_brand-jnf-portugal","7":"product_cat-pribor_za_vrata","8":"product_tag-jnf","9":"product_tag-sigurnosni-cilindar","11":"first","12":"instock","13":"shipping-taxable","14":"purchasable","15":"product-type-variable"},"jetpack_sharing_enabled":true,"_links":{"self":[{"href":"https:\/\/unis.hr\/shop\/wp-json\/wp\/v2\/product\/1095","targetHints":{"allow":["GET"]}}],"collection":[{"href":"https:\/\/unis.hr\/shop\/wp-json\/wp\/v2\/product"}],"about":[{"href":"https:\/\/unis.hr\/shop\/wp-json\/wp\/v2\/types\/product"}],"wp:featuredmedia":[{"embeddable":true,"href":"https:\/\/unis.hr\/shop\/wp-json\/wp\/v2\/media\/1098"}],"wp:attachment":[{"href":"https:\/\/unis.hr\/shop\/wp-json\/wp\/v2\/media?parent=1095"}],"wp:term":[{"taxonomy":"product_brand","embeddable":true,"href":"https:\/\/unis.hr\/shop\/wp-json\/wp\/v2\/product_brand?post=1095"},{"taxonomy":"product_cat","embeddable":true,"href":"https:\/\/unis.hr\/shop\/wp-json\/wp\/v2\/product_cat?post=1095"},{"taxonomy":"product_tag","embeddable":true,"href":"https:\/\/unis.hr\/shop\/wp-json\/wp\/v2\/product_tag?post=1095"}],"curies":[{"name":"wp","href":"https:\/\/api.w.org\/{rel}","templated":true}]}}