{"id":1091,"date":"2025-04-12T17:55:45","date_gmt":"2025-04-12T16:55:45","guid":{"rendered":"https:\/\/unis.hr\/shop\/?post_type=product&#038;p=1091"},"modified":"2025-04-12T17:55:45","modified_gmt":"2025-04-12T16:55:45","slug":"smart-lock-rfid-odlagac-kartica","status":"publish","type":"product","link":"https:\/\/unis.hr\/shop\/product\/smart-lock-rfid-odlagac-kartica\/","title":{"rendered":"Smart Lock RFID odlaga\u010d kartica"},"content":{"rendered":"<h4>Karakteristike:<\/h4>\n<p>&#8211; Ulazni napon: AC 85 &#8211; 265 V<\/p>\n<p>&#8211; Frekvencija: 47 &#8211; 63 Hz<\/p>\n<p>&#8211; Nazivna snaga: 8800 W (40A)<\/p>\n<p>&#8211; Tip kartice: M1 kartica visoke frekvencije<\/p>\n","protected":false},"excerpt":{"rendered":"<p>Smart Lock RFID odlaga\u010d kartica koristi se u apartmanima i hotelima kao prekida\u010d za u\u0161tedu energije koji isklju\u010duje tro\u0161ila (klima, TV, rasvjeta i sl.) nakon \u0161to gost napusti sobu ili apartman. Osim smanjenja potro\u0161nje elektri\u010dne energije ujedno pove\u0107ava i protupo\u017earnu sigurnost. Kartice koje koristi ure\u0111aj su kompatibilne s pametnom bravom Smart Lock H5.<\/p>\n","protected":false},"featured_media":1094,"template":"","meta":{"pagelayer_contact_templates":[],"_pagelayer_content":""},"product_brand":[141],"product_cat":[33],"product_tag":[172,142],"class_list":{"0":"post-1091","1":"product","2":"type-product","3":"status-publish","4":"has-post-thumbnail","6":"product_brand-smart-lock","7":"product_cat-pribor_za_vrata","8":"product_tag-rfid-odlagac-kartica","9":"product_tag-smart-lock","11":"first","12":"instock","13":"shipping-taxable","14":"purchasable","15":"product-type-simple"},"jetpack_sharing_enabled":true,"_links":{"self":[{"href":"https:\/\/unis.hr\/shop\/wp-json\/wp\/v2\/product\/1091","targetHints":{"allow":["GET"]}}],"collection":[{"href":"https:\/\/unis.hr\/shop\/wp-json\/wp\/v2\/product"}],"about":[{"href":"https:\/\/unis.hr\/shop\/wp-json\/wp\/v2\/types\/product"}],"wp:featuredmedia":[{"embeddable":true,"href":"https:\/\/unis.hr\/shop\/wp-json\/wp\/v2\/media\/1094"}],"wp:attachment":[{"href":"https:\/\/unis.hr\/shop\/wp-json\/wp\/v2\/media?parent=1091"}],"wp:term":[{"taxonomy":"product_brand","embeddable":true,"href":"https:\/\/unis.hr\/shop\/wp-json\/wp\/v2\/product_brand?post=1091"},{"taxonomy":"product_cat","embeddable":true,"href":"https:\/\/unis.hr\/shop\/wp-json\/wp\/v2\/product_cat?post=1091"},{"taxonomy":"product_tag","embeddable":true,"href":"https:\/\/unis.hr\/shop\/wp-json\/wp\/v2\/product_tag?post=1091"}],"curies":[{"name":"wp","href":"https:\/\/api.w.org\/{rel}","templated":true}]}}