{"id":1074,"date":"2025-04-12T17:28:32","date_gmt":"2025-04-12T16:28:32","guid":{"rendered":"https:\/\/unis.hr\/shop\/?post_type=product&#038;p=1074"},"modified":"2025-04-12T17:28:32","modified_gmt":"2025-04-12T16:28:32","slug":"daljinski-multifrekvencijski-upravljac-i-auto-punjac","status":"publish","type":"product","link":"https:\/\/unis.hr\/shop\/product\/daljinski-multifrekvencijski-upravljac-i-auto-punjac\/","title":{"rendered":"Daljinski multifrekvencijski upravlja\u010d i auto punja\u010d"},"content":{"rendered":"<h4>Karakteristike:<\/h4>\n<p>&#8211; Domet: maksimalno 100 m<\/p>\n<p>&#8211; Baterija: CR2032 \u00d7 1<\/p>\n<p>&#8211; Frekvencija: 433.92 \/ 868 MHz<\/p>\n<p>&#8211; Radna temperatura: -20\u00b0 &lt;&gt; + 60\u00b0<\/p>\n<p>&#8211; Ulaz: 12V &#8211; 24V<\/p>\n<p>&#8211; Izlaz: 5V \/ 2A<\/p>\n","protected":false},"excerpt":{"rendered":"<p>Vi\u0161enamjenski daljinski upravlja\u010d koji podr\u017eava \u0161irok spektar frekvencija i kodove razli\u010ditih proizvo\u0111a\u010da (BFT, Sommer, Beninca, Liftmaster, Daspi, &#8230; i mnogi drugi). S jednim daljinskim upravlja\u010dem mo\u017eete upravljati \u010detiri razli\u010dita ure\u0111aja od razli\u010ditih proizvo\u0111a\u010da (npr. gara\u017ena vrata, parking barijera, sl.). Ujedno se mo\u017ee koristiti i kao univerzalni auto punja\u010d za punjenje ure\u0111aja u pokretu.<\/p>\n","protected":false},"featured_media":1077,"template":"","meta":{"pagelayer_contact_templates":[],"_pagelayer_content":""},"product_brand":[167],"product_cat":[33],"product_tag":[168,169],"class_list":{"0":"post-1074","1":"product","2":"type-product","3":"status-publish","4":"has-post-thumbnail","6":"product_brand-egoway","7":"product_cat-pribor_za_vrata","8":"product_tag-daljinski-upravljac","9":"product_tag-egoway","11":"first","12":"instock","13":"shipping-taxable","14":"purchasable","15":"product-type-simple"},"jetpack_sharing_enabled":true,"_links":{"self":[{"href":"https:\/\/unis.hr\/shop\/wp-json\/wp\/v2\/product\/1074","targetHints":{"allow":["GET"]}}],"collection":[{"href":"https:\/\/unis.hr\/shop\/wp-json\/wp\/v2\/product"}],"about":[{"href":"https:\/\/unis.hr\/shop\/wp-json\/wp\/v2\/types\/product"}],"wp:featuredmedia":[{"embeddable":true,"href":"https:\/\/unis.hr\/shop\/wp-json\/wp\/v2\/media\/1077"}],"wp:attachment":[{"href":"https:\/\/unis.hr\/shop\/wp-json\/wp\/v2\/media?parent=1074"}],"wp:term":[{"taxonomy":"product_brand","embeddable":true,"href":"https:\/\/unis.hr\/shop\/wp-json\/wp\/v2\/product_brand?post=1074"},{"taxonomy":"product_cat","embeddable":true,"href":"https:\/\/unis.hr\/shop\/wp-json\/wp\/v2\/product_cat?post=1074"},{"taxonomy":"product_tag","embeddable":true,"href":"https:\/\/unis.hr\/shop\/wp-json\/wp\/v2\/product_tag?post=1074"}],"curies":[{"name":"wp","href":"https:\/\/api.w.org\/{rel}","templated":true}]}}