{"id":1021,"date":"2025-04-12T16:29:54","date_gmt":"2025-04-12T15:29:54","guid":{"rendered":"https:\/\/unis.hr\/shop\/?post_type=product&#038;p=1021"},"modified":"2025-04-12T16:29:55","modified_gmt":"2025-04-12T15:29:55","slug":"zurilo-spijunka-za-vrata","status":"publish","type":"product","link":"https:\/\/unis.hr\/shop\/product\/zurilo-spijunka-za-vrata\/","title":{"rendered":"Zurilo (\u0161pijunka) za vrata"},"content":{"rendered":"<h4>Karakteristike:<\/h4>\n<p>&#8211; podesivo, \u010dvrste konstrukcije, s dugotrajnim plasti\u010dnim le\u0107ama<\/p>\n<p>&#8211; kut gledanja 180\u00b0<\/p>\n<p>&#8211; za debljinu vrata L= 35\u00f760 mm<\/p>\n<p>&#8211; promjer otvora \u03d5 14 mm<\/p>\n<p>&#8211; zavr\u0161na obrada: nikal satinirani.<\/p>\n","protected":false},"excerpt":{"rendered":"<p>\u0160irokokutno zurilo (\u0161pijunka) s poklopcem.<\/p>\n","protected":false},"featured_media":1024,"template":"","meta":{"pagelayer_contact_templates":[],"_pagelayer_content":""},"product_brand":[151],"product_cat":[33],"product_tag":[153,152],"class_list":{"0":"post-1021","1":"product","2":"type-product","3":"status-publish","4":"has-post-thumbnail","6":"product_brand-assa-abloy","7":"product_cat-pribor_za_vrata","8":"product_tag-spijunka","9":"product_tag-zurilo","11":"first","12":"instock","13":"shipping-taxable","14":"purchasable","15":"product-type-simple"},"jetpack_sharing_enabled":true,"_links":{"self":[{"href":"https:\/\/unis.hr\/shop\/wp-json\/wp\/v2\/product\/1021","targetHints":{"allow":["GET"]}}],"collection":[{"href":"https:\/\/unis.hr\/shop\/wp-json\/wp\/v2\/product"}],"about":[{"href":"https:\/\/unis.hr\/shop\/wp-json\/wp\/v2\/types\/product"}],"wp:featuredmedia":[{"embeddable":true,"href":"https:\/\/unis.hr\/shop\/wp-json\/wp\/v2\/media\/1024"}],"wp:attachment":[{"href":"https:\/\/unis.hr\/shop\/wp-json\/wp\/v2\/media?parent=1021"}],"wp:term":[{"taxonomy":"product_brand","embeddable":true,"href":"https:\/\/unis.hr\/shop\/wp-json\/wp\/v2\/product_brand?post=1021"},{"taxonomy":"product_cat","embeddable":true,"href":"https:\/\/unis.hr\/shop\/wp-json\/wp\/v2\/product_cat?post=1021"},{"taxonomy":"product_tag","embeddable":true,"href":"https:\/\/unis.hr\/shop\/wp-json\/wp\/v2\/product_tag?post=1021"}],"curies":[{"name":"wp","href":"https:\/\/api.w.org\/{rel}","templated":true}]}}