{"id":1017,"date":"2025-04-12T16:25:05","date_gmt":"2025-04-12T15:25:05","guid":{"rendered":"https:\/\/unis.hr\/shop\/?post_type=product&#038;p=1017"},"modified":"2025-04-12T16:26:14","modified_gmt":"2025-04-12T15:26:14","slug":"smart-lock-rfid-kartica","status":"publish","type":"product","link":"https:\/\/unis.hr\/shop\/product\/smart-lock-rfid-kartica\/","title":{"rendered":"Smart Lock RFID kartica"},"content":{"rendered":"<p>&#8211; Dimenzije: 85.5 mm x 54 mm x 0.76 mm<\/p>\n<p>&#8211; Tip: M1 Card NFC RFID Card 1K Byte<\/p>\n<p>&#8211; Kompatibilna s M1 S50 13.56 MHz ISO 14443A<\/p>\n<p>&#8211; Sukladna Smart Lock RFID odlaga\u010du kartica (hotelskom prekida\u010du za u\u0161tedu energije) i pametnoj bravi Smart Lock H5<\/p>\n","protected":false},"excerpt":{"rendered":"<p>Visokokvalitetna 13,56 MHz RFID kartica, izra\u0111ena od PVC materijala otpornog na vodu i habanje.<\/p>\n<p>&nbsp;<\/p>\n","protected":false},"featured_media":1020,"template":"","meta":{"pagelayer_contact_templates":[],"_pagelayer_content":""},"product_brand":[141],"product_cat":[33],"product_tag":[150,142],"class_list":{"0":"post-1017","1":"product","2":"type-product","3":"status-publish","4":"has-post-thumbnail","6":"product_brand-smart-lock","7":"product_cat-pribor_za_vrata","8":"product_tag-rfid-kartica","9":"product_tag-smart-lock","11":"first","12":"instock","13":"shipping-taxable","14":"purchasable","15":"product-type-simple"},"jetpack_sharing_enabled":true,"_links":{"self":[{"href":"https:\/\/unis.hr\/shop\/wp-json\/wp\/v2\/product\/1017","targetHints":{"allow":["GET"]}}],"collection":[{"href":"https:\/\/unis.hr\/shop\/wp-json\/wp\/v2\/product"}],"about":[{"href":"https:\/\/unis.hr\/shop\/wp-json\/wp\/v2\/types\/product"}],"wp:featuredmedia":[{"embeddable":true,"href":"https:\/\/unis.hr\/shop\/wp-json\/wp\/v2\/media\/1020"}],"wp:attachment":[{"href":"https:\/\/unis.hr\/shop\/wp-json\/wp\/v2\/media?parent=1017"}],"wp:term":[{"taxonomy":"product_brand","embeddable":true,"href":"https:\/\/unis.hr\/shop\/wp-json\/wp\/v2\/product_brand?post=1017"},{"taxonomy":"product_cat","embeddable":true,"href":"https:\/\/unis.hr\/shop\/wp-json\/wp\/v2\/product_cat?post=1017"},{"taxonomy":"product_tag","embeddable":true,"href":"https:\/\/unis.hr\/shop\/wp-json\/wp\/v2\/product_tag?post=1017"}],"curies":[{"name":"wp","href":"https:\/\/api.w.org\/{rel}","templated":true}]}}