{"id":880,"date":"2025-04-03T16:20:00","date_gmt":"2025-04-03T15:20:00","guid":{"rendered":"https:\/\/unis.hr\/shop\/?page_id=880"},"modified":"2025-04-03T16:28:10","modified_gmt":"2025-04-03T15:28:10","slug":"uvjeti","status":"publish","type":"page","link":"https:\/\/unis.hr\/shop\/uvjeti\/","title":{"rendered":"Op\u0107i uvjeti poslovanja"},"content":{"rendered":"\t\t<div data-elementor-type=\"wp-page\" data-elementor-id=\"880\" class=\"elementor elementor-880\">\n\t\t\t\t<div class=\"elementor-element elementor-element-549f4f46 e-flex e-con-boxed e-con e-parent\" data-id=\"549f4f46\" data-element_type=\"container\" data-e-type=\"container\">\n\t\t\t\t\t<div class=\"e-con-inner\">\n\t\t\t\t<div class=\"elementor-element elementor-element-6bd7edfc elementor-widget elementor-widget-text-editor\" data-id=\"6bd7edfc\" data-element_type=\"widget\" data-e-type=\"widget\" data-widget_type=\"text-editor.default\">\n\t\t\t\t<div class=\"elementor-widget-container\"><p>1. Potpisivanjem kupoprodajnog ugovora s Kupcem, kupoprodajni ugovor stupa na snagu i prodavatelja obvezuje na ispunjenje. Ispunjenje ugovora je o\u010dekivano i u slu\u010daju usmenog dogovora. Pla\u0107anje predujma nema utjecaja na zaklju\u010denje kupoprodajnog ugovora koji je stupio na snagu. Predmet o\u010dekivanog posla su od strane UNIS-a isporu\u010deni proizvodi, izra\u0111eni prema tvorni\u010dkim standardima. Manjkavosti koje bi uslijedile radi neodgovaraju\u0107e manipulacije, nestru\u010dne monta\u017ee ili naknadne dorade se ne priznaju.<\/p>\n<p>\u00a0<\/p>\n<p>2. Kupac je obvezan bez odlaganja kod preuzimanja pregledati robu, te utvrditi eventualnu nekompletnost ili manjkavost. Ukoliko je manjkavost utvr\u0111ena naknadno, kupac se mora javiti bez odga\u0111anja pismeno unutar 3 kalendarska dana, a u svakom slu\u010daju pred ugradnjom odnosno monta\u017eom isporu\u010dene robe. U suprotnom prodavatelj vi\u0161e ne odgovara za vidljive nedostatke. Zamjena elemenata proizvoda uslijed o\u0161te\u0107enja biti \u0107e garantirana samo u slu\u010daju kada je zabilje\u017eena kod isporuke u dostavnici odnosno otpremnici, a u svakom slu\u010daju pred ugradnjom ili monta\u017eom isporu\u010dene robe. Kasnije reklamacije o\u0161te\u0107enja elemenata proizvoda ne\u0107e se uva\u017eiti.<\/p>\n<p>\u00a0<\/p>\n<p>3. Ako se naknadno doka\u017eu gre\u0161ke u kvaliteti robe koja je ve\u0107 isporu\u010dena, kod pravovremenog prigovora, prema svom izboru UNIS \u0107e robu: &#8211; Preuzeti na licu mjesta ili na drugom mjestu u ovisnosti od dogovorenog pariteta isporuke, &#8211; Besplatno zamijeniti (zamijenjeni dijelovi prelaze u vlasni\u0161tvo UNIS-a) &#8211; Popraviti prema jamstvenim uvjetima, &#8211; Postupiti sukladno s pozitivnim zakonskim propisima prema Zakonu o za\u0161titi potro\u0161a\u010da.<\/p>\n<p>\u00a0<\/p>\n<p>4. Popravci na proizvodima koji su ura\u0111eni od strane kupca ili tre\u0107e neovla\u0161tene osobe, bez suglasnosti UNIS-a ne\u0107e teretiti UNIS i ne podlije\u017eu pravu na jamstvo, za isporu\u010dene proizvode iz programa UNIS.<\/p>\n<p>\u00a0<\/p>\n<p>5. UNIS ne\u0107e povratiti kupcu nikakve iznose kao tro\u0161kove \u0161tete. Izuze\u0107e vrijedi samo za \u0161tete nastale hotimi\u010dnim nemarom ili hotimi\u010dno prouzro\u010denim grubim nemarom u\u010dinjenim od strane UNIS-a.<\/p>\n<p>\u00a0<\/p>\n<p>6. Posebno se isklju\u010duje zahtjev za naknadu \u0161tete nastao iz onemogu\u0107enosti posla ka\u0161njenjem isporuke ili pogre\u0161nom isporukom, osim ako takvi slu\u010dajevi nisu posebno ugovorno definirani.<\/p>\n<p>\u00a0<\/p>\n<p>7. Navedeni i garantirani rokovi dostave, po\u010dinju te\u0107i datumom isporuke koji su u skladu sa pravilima tvrtke UNIS.<\/p>\n<p>\u00a0<\/p>\n<p>8. Ako kupac izjavi odustanak od ugovora bez da na to ima pravo, UNIS \u0107e prihvatiti izjavu kupca o odustanku i za taj slu\u010daj obra\u010dunati naknadu za storniranje u visini od 20% bruto kupovne cijene.<\/p>\n<p>\u00a0<\/p>\n<p>9. Kupac na\u010delno preuzima kupljene proizvode kod prodavatelja i prevozi ih o vlastitom tro\u0161ku i riziku, osim ako nije druga\u010dije dogovoreno u pismenoj formi. Cijene kod preuzimanja robe ne uklju\u010duju tro\u0161kove dostave, monta\u017ee ili ugradnje. One mogu biti predmetom drugog kupoprodajnog ugovora.<\/p>\n<p>\u00a0<\/p>\n<p>10. Kupac je sam odgovoran za pravilnost danih mjera, kao i za to\u010dnost rje\u0161enja koje je predlo\u017eio sa eventualnim planovima i crte\u017eima.<\/p>\n<p>\u00a0<\/p>\n<p>11. Svi monta\u017eni ili ugradbeni radovi moraju biti izvedeni isklju\u010divo od strane ovla\u0161tenih i stru\u010dnih osoba. Ovla\u0161tenost za ugradnju ili monta\u017eu proizvoda iz programa UNIS dokazuje se valjanom potvrdom izdanom od strane tvrtke UNIS, a eventualna stru\u010dnost mo\u017ee se dokazati uvidom u registraciju djelatnosti tvrtke koja je izvr\u0161ila radove ugradnje ili monta\u017ee. UNIS-ove upute za monta\u017eu i ugradnju moraju se u svakom slu\u010daju po\u0161tovati i dosljedno primijeniti.<\/p>\n<p>\u00a0<\/p>\n<p>12. Monta\u017eni nedostaci i sve iz toga rezultiraju\u0107e gre\u0161ke u\u010dinjene od tvrtke ili osobe koja je izvr\u0161ila monta\u017eu ili ugradnju, ne podlije\u017eu garanciji UNIS-a i za takve slu\u010dajeve UNIS ne prihva\u0107a nikakve zahtjeve za naknadu \u0161tete.<\/p>\n<p>\u00a0<\/p>\n<p>13. Garancija i jamstvo vrijedi, samo ako se po\u0161tuju tehni\u010dki propisi. Garancija otpada i u cijelosti kod neuobi\u010dajene ugradnje proizvoda ili neprimjerene upotrebe proizvoda.<\/p>\n<p>\u00a0<\/p>\n<p>14. UNIS ne preuzima nikakvo jamstvo za robu iz posebne akcijske rasprodaje, \u0161to je izri\u010dito ozna\u010deno u prodajnim ili promid\u017ebenim materijalima.<\/p>\n<p>\u00a0<\/p>\n<p>15. Eventualni zahtjevi po jamstvu ne osloba\u0111aju kupca od obaveze pla\u0107anja robe. Jamstveni poslovi \u0107e se obaviti tek nakon pla\u0107anja cjelokupnog iznosa.<\/p>\n<p>\u00a0<\/p>\n<p>16. Kod proizvoda koji su o\u0161te\u0107eni uslijed nestru\u010dne monta\u017ee ili kod kojih su izvr\u0161ene bilo kakve preinake ili dogradnje koje nisu u skladu s tvorni\u010dkim standardima, gubi se pravo na jamstvo koje se ne mo\u017ee vi\u0161e uva\u017eiti. Sa svakom isporukom proizvoda, UNIS daje upute za ugradnju, monta\u017eu i rukovanje, kojih se treba pridr\u017eavati po svim to\u010dkama. \u0160tete ili radovi koji su nastali nestru\u010dnom monta\u017eom kao i ne pridr\u017eavanjem uputa za ugradnju, monta\u017eu ili rukovanje, isklju\u010duju se iz garancije i biti \u0107e vidljivi u ra\u010dunu kao servisni radovi.<\/p>\n<p>\u00a0<\/p>\n<p>17. Kod izvr\u0161enja servisnih radova, kupac se mora pobrinuti da omogu\u0107i serviseru nesmetan pristup do predmeta servisnog zahvata. Svi elementi koji pri tome smetaju pristupu servisera, (kao npr. dijelovi poku\u0107stva i sl.) moraju biti odstranjeni od strane kupca. Jednako tako je potrebno pobrinuti se za cjelovito pokrivanje i za\u0161ti\u0107ivanje kontaktnih povr\u0161ina kao \u0161to su podovi, zidovi i sl. Ukoliko se to ne uradi, UNIS ne mo\u017ee preuzeti odgovornost za eventualno nastalu \u0161tetu.<\/p>\n<p>\u00a0<\/p>\n<p>18. UNIS daje jamstvo 12 mjeseci na funkcionalnost svojih proizvoda, pod uvjetom da se odr\u017eavaju po UNIS-ovim smjernicama za njegu, rukovanje, servisiranje i monta\u017eu. Navedeno jamstvo podrazumijeva se isklju\u010divo na konkretan pojedini element. Ukoliko su dva ili vi\u0161e elemenata u neprekinutoj vezi, za ostvarivanje jamstva takvog sklopa potrebna je posebna suglasnost tvrtke UNIS. Ako veza pojedinih elemenata nije u\u010dinjena na primjeran i stru\u010dan na\u010din sukladno tehni\u010dkim normama i propisima, UNIS ne mo\u017ee prihvatiti ostvarenje prava iz jamstvenih uvjeta.<\/p>\n<p>\u00a0<\/p>\n<p>19. Kupac ima mogu\u0107nost u roku od jednog tjedna nakon preuzimanja robe, besplatno predati ili odlo\u017eiti ambala\u017eni otpad sukladno Pravilniku o ambala\u017enom materijalu i ambala\u017enom otpadu. Ako kupac ne koristi mogu\u0107nost povrata, smatra se da je dogovoreno da on sam na vlastiti tro\u0161ak i rizik koristi ambala\u017eu sukladno navedenom Pravilniku.<\/p>\n<p>\u00a0<\/p>\n<p>20. Kao mjesto suda ugovoren je stvarno nadle\u017ean sud u Hrvatskoj, odnosno nadle\u017ean je sud na \u010dijem podru\u010dju je kupoprodajni ugovor sklopljen.<\/p>\n<p>\u00a0<\/p>\n<p>Ako imate pitanja u vezi s ovim uvjetima poslovanja ili \u017eelite dobiti dodatne informacije, po\u0161aljite e-mail na: info@unis.hr<\/p><p>\u00a0<\/p>\n<p>\u00a0<\/p>\n<p>\u00a0<\/p>\n<p>\u00a0<\/p>\n<p>\u00a0<\/p><\/div>\n\t\t\t\t<\/div>\n\t\t\t\t\t<\/div>\n\t\t\t\t<\/div>\t\t<\/div>\n\t\t","protected":false},"excerpt":{"rendered":"<p>1. Potpisivanjem kupoprodajnog ugovora s Kupcem, kupoprodajni ugovor stupa na snagu i prodavatelja obvezuje na ispunjenje. Ispunjenje ugovora je o\u010dekivano i u slu\u010daju usmenog dogovora. Pla\u0107anje predujma nema utjecaja na zaklju\u010denje kupoprodajnog ugovora koji je stupio na snagu. Predmet o\u010dekivanog posla su od strane UNIS-a isporu\u010deni proizvodi, izra\u0111eni prema tvorni\u010dkim standardima. Manjkavosti koje bi uslijedile radi neodgovaraju\u0107e manipulacije, nestru\u010dne monta\u017ee ili naknadne dorade se ne priznaju. \u00a0 2. Kupac je&hellip;<\/p>\n","protected":false},"author":1,"featured_media":0,"parent":0,"menu_order":0,"comment_status":"closed","ping_status":"closed","template":"","meta":{"pagelayer_contact_templates":[],"_pagelayer_content":"","footnotes":""},"class_list":["post-880","page","type-page","status-publish","hentry"],"jetpack_sharing_enabled":true,"_links":{"self":[{"href":"https:\/\/unis.hr\/shop\/wp-json\/wp\/v2\/pages\/880","targetHints":{"allow":["GET"]}}],"collection":[{"href":"https:\/\/unis.hr\/shop\/wp-json\/wp\/v2\/pages"}],"about":[{"href":"https:\/\/unis.hr\/shop\/wp-json\/wp\/v2\/types\/page"}],"author":[{"embeddable":true,"href":"https:\/\/unis.hr\/shop\/wp-json\/wp\/v2\/users\/1"}],"replies":[{"embeddable":true,"href":"https:\/\/unis.hr\/shop\/wp-json\/wp\/v2\/comments?post=880"}],"version-history":[{"count":7,"href":"https:\/\/unis.hr\/shop\/wp-json\/wp\/v2\/pages\/880\/revisions"}],"predecessor-version":[{"id":887,"href":"https:\/\/unis.hr\/shop\/wp-json\/wp\/v2\/pages\/880\/revisions\/887"}],"wp:attachment":[{"href":"https:\/\/unis.hr\/shop\/wp-json\/wp\/v2\/media?parent=880"}],"curies":[{"name":"wp","href":"https:\/\/api.w.org\/{rel}","templated":true}]}}