{"id":7,"date":"2025-03-24T15:48:09","date_gmt":"2025-03-24T15:48:09","guid":{"rendered":"https:\/\/unis.hr\/shop\/cart\/"},"modified":"2025-04-05T12:06:21","modified_gmt":"2025-04-05T11:06:21","slug":"cart","status":"publish","type":"page","link":"https:\/\/unis.hr\/shop\/cart\/","title":{"rendered":"Ko\u0161arica"},"content":{"rendered":"\t\t<div data-elementor-type=\"wp-page\" data-elementor-id=\"7\" class=\"elementor elementor-7\">\n\t\t\t\t<div class=\"elementor-element elementor-element-a89fb27 e-flex e-con-boxed e-con e-parent\" data-id=\"a89fb27\" data-element_type=\"container\" data-e-type=\"container\">\n\t\t\t\t\t<div class=\"e-con-inner\">\n\t\t\t\t<div class=\"elementor-element elementor-element-575944c elementor-widget elementor-widget-text-editor\" data-id=\"575944c\" data-element_type=\"widget\" data-e-type=\"widget\" data-widget_type=\"text-editor.default\">\n\t\t\t\t<div class=\"elementor-widget-container\"><div data-block-name=\"woocommerce\/cart\" class=\"wp-block-woocommerce-cart alignwide is-loading\"><div data-block-name=\"woocommerce\/filled-cart-block\" class=\"wp-block-woocommerce-filled-cart-block\"><div data-block-name=\"woocommerce\/cart-items-block\" class=\"wp-block-woocommerce-cart-items-block\"><div data-block-name=\"woocommerce\/cart-line-items-block\" class=\"wp-block-woocommerce-cart-line-items-block\">\u00a0<\/div><div data-block-name=\"woocommerce\/cart-cross-sells-block\" class=\"wp-block-woocommerce-cart-cross-sells-block\"><h2 class=\"wp-block-heading has-large-font-size\">Mo\u017eda \u0107e vas zanimati\u2026<\/h2><div data-block-name=\"woocommerce\/cart-cross-sells-products-block\" class=\"wp-block-woocommerce-cart-cross-sells-products-block\">\u00a0<\/div><\/div><\/div><div data-block-name=\"woocommerce\/cart-totals-block\" class=\"wp-block-woocommerce-cart-totals-block\"><div data-block-name=\"woocommerce\/cart-order-summary-block\" class=\"wp-block-woocommerce-cart-order-summary-block\"><div data-block-name=\"woocommerce\/cart-order-summary-heading-block\" class=\"wp-block-woocommerce-cart-order-summary-heading-block\">\u00a0<\/div><div data-block-name=\"woocommerce\/cart-order-summary-coupon-form-block\" class=\"wp-block-woocommerce-cart-order-summary-coupon-form-block\">\u00a0<\/div><div data-block-name=\"woocommerce\/cart-order-summary-totals-block\" class=\"wp-block-woocommerce-cart-order-summary-totals-block\">\n<div data-block-name=\"woocommerce\/cart-order-summary-subtotal-block\" class=\"wp-block-woocommerce-cart-order-summary-subtotal-block\">\u00a0<\/div>\n<div data-block-name=\"woocommerce\/cart-order-summary-discount-block\" class=\"wp-block-woocommerce-cart-order-summary-discount-block\">\u00a0<\/div>\n<div data-block-name=\"woocommerce\/cart-order-summary-fee-block\" class=\"wp-block-woocommerce-cart-order-summary-fee-block\">\u00a0<\/div>\n<div data-block-name=\"woocommerce\/cart-order-summary-shipping-block\" class=\"wp-block-woocommerce-cart-order-summary-shipping-block\">\u00a0<\/div>\n<div data-block-name=\"woocommerce\/cart-order-summary-taxes-block\" class=\"wp-block-woocommerce-cart-order-summary-taxes-block\">\u00a0<\/div><\/div><\/div><div data-block-name=\"woocommerce\/cart-express-payment-block\" class=\"wp-block-woocommerce-cart-express-payment-block\">\u00a0<\/div><div data-block-name=\"woocommerce\/proceed-to-checkout-block\" class=\"wp-block-woocommerce-proceed-to-checkout-block\">\u00a0<\/div><div data-block-name=\"woocommerce\/cart-accepted-payment-methods-block\" class=\"wp-block-woocommerce-cart-accepted-payment-methods-block\">\u00a0<\/div><\/div><\/div><div data-block-name=\"woocommerce\/empty-cart-block\" class=\"wp-block-woocommerce-empty-cart-block\"><h2 class=\"wp-block-heading has-text-align-center with-empty-cart-icon wc-block-cart__empty-cart__title\">Va\u0161a ko\u0161arica je trenutno prazna!<\/h2><hr class=\"wp-block-separator has-alpha-channel-opacity is-style-dots\" \/><h2 class=\"wp-block-heading has-text-align-center\">Novo u prodaji<\/h2><div data-block-name=\"woocommerce\/product-new\" data-columns=\"4\" data-rows=\"1\" class=\"wc-block-grid wp-block-product-new wp-block-woocommerce-product-new wc-block-product-new has-4-columns\"><ul class=\"wc-block-grid__products\"><li class=\"wc-block-grid__product\">\n\t\t\t\t<a href=\"https:\/\/unis.hr\/shop\/product\/pametna-brava-za-vrata-tedee_pro\/\" class=\"wc-block-grid__product-link\">\n\t\t\t\t\t<div class=\"wc-block-grid__product-onsale\">\n\t\t\t<span aria-hidden=\"true\">Sni\u017eenje<\/span>\n\t\t\t<span class=\"screen-reader-text\">Proizvod na akciji<\/span>\n\t\t<\/div>\n\t\t\t\t\t<div class=\"wc-block-grid__product-image\"><img fetchpriority=\"high\" decoding=\"async\" width=\"300\" height=\"300\" src=\"https:\/\/unis.hr\/shop\/wp-content\/uploads\/2026\/02\/1-300x300.jpg\" class=\"attachment-woocommerce_thumbnail size-woocommerce_thumbnail\" alt=\"Pametna brava za vrata Tedee Pro\" srcset=\"https:\/\/unis.hr\/shop\/wp-content\/uploads\/2026\/02\/1-300x300.jpg 300w, https:\/\/unis.hr\/shop\/wp-content\/uploads\/2026\/02\/1-150x150.jpg 150w, https:\/\/unis.hr\/shop\/wp-content\/uploads\/2026\/02\/1-100x100.jpg 100w, https:\/\/unis.hr\/shop\/wp-content\/uploads\/2026\/02\/1.jpg 600w\" sizes=\"(max-width: 300px) 100vw, 300px\" \/><\/div>\n\t\t\t\t\t<div class=\"wc-block-grid__product-title\">Pametna brava za vrata Tedee Pro<\/div>\n\t\t\t\t<\/a>\n\t\t\t\t<div class=\"wc-block-grid__product-price price\"><del aria-hidden=\"true\"><span class=\"woocommerce-Price-amount amount\">399,00&nbsp;<span class=\"woocommerce-Price-currencySymbol\">&euro;<\/span><\/span><\/del> <span class=\"screen-reader-text\">Izvorna cijena bila je: 399,00&nbsp;&euro;.<\/span><ins aria-hidden=\"true\"><span class=\"woocommerce-Price-amount amount\">360,00&nbsp;<span class=\"woocommerce-Price-currencySymbol\">&euro;<\/span><\/span><\/ins><span class=\"screen-reader-text\">Trenutna cijena je: 360,00&nbsp;&euro;.<\/span><p class=\"saved-sale\">U\u0161teda: 9.8%<\/p><\/div>\n\t\t\t\t\n\t\t\t\t<div class=\"wp-block-button wc-block-grid__product-add-to-cart\"><a href=\"?add-to-cart=1658\" aria-label=\"Dodaj u ko\u0161aricu: &quot;Pametna brava za vrata Tedee Pro&quot;\" data-quantity=\"1\" data-product_id=\"1658\" data-product_sku=\"\" data-price=\"360\" rel=\"nofollow\" class=\"wp-block-button__link  add_to_cart_button ajax_add_to_cart\">Dodaj u ko\u0161aricu<\/a><\/div>\n\t\t\t<\/li><li class=\"wc-block-grid__product\">\n\t\t\t\t<a href=\"https:\/\/unis.hr\/shop\/product\/pametno-bezicno-zvono-za-vrata-dreame\/\" class=\"wc-block-grid__product-link\">\n\t\t\t\t\t\n\t\t\t\t\t<div class=\"wc-block-grid__product-image\"><img decoding=\"async\" width=\"300\" height=\"300\" src=\"https:\/\/unis.hr\/shop\/wp-content\/uploads\/2026\/01\/dreame_doorbell_1-300x300.jpg\" class=\"attachment-woocommerce_thumbnail size-woocommerce_thumbnail\" alt=\"Pametno be\u017ei\u010dno video zvono za vrata Dreame\" srcset=\"https:\/\/unis.hr\/shop\/wp-content\/uploads\/2026\/01\/dreame_doorbell_1-300x300.jpg 300w, https:\/\/unis.hr\/shop\/wp-content\/uploads\/2026\/01\/dreame_doorbell_1-150x150.jpg 150w, https:\/\/unis.hr\/shop\/wp-content\/uploads\/2026\/01\/dreame_doorbell_1-100x100.jpg 100w, https:\/\/unis.hr\/shop\/wp-content\/uploads\/2026\/01\/dreame_doorbell_1.jpg 600w\" sizes=\"(max-width: 300px) 100vw, 300px\" \/><\/div>\n\t\t\t\t\t<div class=\"wc-block-grid__product-title\">Pametno be\u017ei\u010dno video zvono za vrata Dreame<\/div>\n\t\t\t\t<\/a>\n\t\t\t\t<div class=\"wc-block-grid__product-price price\"><span class=\"woocommerce-Price-amount amount\">125,00&nbsp;<span class=\"woocommerce-Price-currencySymbol\">&euro;<\/span><\/span><\/div>\n\t\t\t\t\n\t\t\t\t<div class=\"wp-block-button wc-block-grid__product-add-to-cart\"><a href=\"?add-to-cart=1550\" aria-label=\"Dodaj u ko\u0161aricu: &quot;Pametno be\u017ei\u010dno video zvono za vrata Dreame&quot;\" data-quantity=\"1\" data-product_id=\"1550\" data-product_sku=\"\" data-price=\"125\" rel=\"nofollow\" class=\"wp-block-button__link  add_to_cart_button ajax_add_to_cart\">Dodaj u ko\u0161aricu<\/a><\/div>\n\t\t\t<\/li><li class=\"wc-block-grid__product\">\n\t\t\t\t<a href=\"https:\/\/unis.hr\/shop\/product\/pametna-brava-za-vrata-lockin-ola-slim-pro\/\" class=\"wc-block-grid__product-link\">\n\t\t\t\t\t\n\t\t\t\t\t<div class=\"wc-block-grid__product-image\"><img decoding=\"async\" width=\"300\" height=\"300\" src=\"https:\/\/unis.hr\/shop\/wp-content\/uploads\/2025\/11\/ola_slim_pro-300x300.jpg\" class=\"attachment-woocommerce_thumbnail size-woocommerce_thumbnail\" alt=\"Pametna brava za vrata Lockin OLA Slim Pro\" srcset=\"https:\/\/unis.hr\/shop\/wp-content\/uploads\/2025\/11\/ola_slim_pro-300x300.jpg 300w, https:\/\/unis.hr\/shop\/wp-content\/uploads\/2025\/11\/ola_slim_pro-150x150.jpg 150w, https:\/\/unis.hr\/shop\/wp-content\/uploads\/2025\/11\/ola_slim_pro-100x100.jpg 100w\" sizes=\"(max-width: 300px) 100vw, 300px\" \/><\/div>\n\t\t\t\t\t<div class=\"wc-block-grid__product-title\">Pametna brava za vrata Lockin OLA Slim Pro<\/div>\n\t\t\t\t<\/a>\n\t\t\t\t<div class=\"wc-block-grid__product-price price\"><span class=\"woocommerce-Price-amount amount\">290,00&nbsp;<span class=\"woocommerce-Price-currencySymbol\">&euro;<\/span><\/span><\/div>\n\t\t\t\t\n\t\t\t\t<div class=\"wp-block-button wc-block-grid__product-add-to-cart\"><a href=\"?add-to-cart=1493\" aria-label=\"Dodaj u ko\u0161aricu: &quot;Pametna brava za vrata Lockin OLA Slim Pro&quot;\" data-quantity=\"1\" data-product_id=\"1493\" data-product_sku=\"\" data-price=\"290\" rel=\"nofollow\" class=\"wp-block-button__link  add_to_cart_button ajax_add_to_cart\">Dodaj u ko\u0161aricu<\/a><\/div>\n\t\t\t<\/li><li class=\"wc-block-grid__product\">\n\t\t\t\t<a href=\"https:\/\/unis.hr\/shop\/product\/pametna-brava-za-vrata-lockin-ola-slim\/\" class=\"wc-block-grid__product-link\">\n\t\t\t\t\t\n\t\t\t\t\t<div class=\"wc-block-grid__product-image\"><img loading=\"lazy\" decoding=\"async\" width=\"300\" height=\"300\" src=\"https:\/\/unis.hr\/shop\/wp-content\/uploads\/2025\/11\/ola_slim1-300x300.jpg\" class=\"attachment-woocommerce_thumbnail size-woocommerce_thumbnail\" alt=\"Pametna brava za vrata Lockin OLA Slim\" srcset=\"https:\/\/unis.hr\/shop\/wp-content\/uploads\/2025\/11\/ola_slim1-300x300.jpg 300w, https:\/\/unis.hr\/shop\/wp-content\/uploads\/2025\/11\/ola_slim1-150x150.jpg 150w, https:\/\/unis.hr\/shop\/wp-content\/uploads\/2025\/11\/ola_slim1-100x100.jpg 100w\" sizes=\"(max-width: 300px) 100vw, 300px\" \/><\/div>\n\t\t\t\t\t<div class=\"wc-block-grid__product-title\">Pametna brava za vrata Lockin OLA Slim<\/div>\n\t\t\t\t<\/a>\n\t\t\t\t<div class=\"wc-block-grid__product-price price\"><span class=\"woocommerce-Price-amount amount\">240,00&nbsp;<span class=\"woocommerce-Price-currencySymbol\">&euro;<\/span><\/span><\/div>\n\t\t\t\t\n\t\t\t\t<div class=\"wp-block-button wc-block-grid__product-add-to-cart\"><a href=\"?add-to-cart=1489\" aria-label=\"Dodaj u ko\u0161aricu: &quot;Pametna brava za vrata Lockin OLA Slim&quot;\" data-quantity=\"1\" data-product_id=\"1489\" data-product_sku=\"\" data-price=\"240\" rel=\"nofollow\" class=\"wp-block-button__link  add_to_cart_button ajax_add_to_cart\">Dodaj u ko\u0161aricu<\/a><\/div>\n\t\t\t<\/li><\/ul><\/div><\/div><\/div><\/div>\n\t\t\t\t<\/div>\n\t\t\t\t\t<\/div>\n\t\t\t\t<\/div>\t\t<\/div>\n\t\t","protected":false},"excerpt":{"rendered":"","protected":false},"author":1,"featured_media":0,"parent":0,"menu_order":0,"comment_status":"closed","ping_status":"closed","template":"","meta":{"pagelayer_contact_templates":[],"_pagelayer_content":"","footnotes":""},"class_list":["post-7","page","type-page","status-publish","hentry"],"jetpack_sharing_enabled":true,"_links":{"self":[{"href":"https:\/\/unis.hr\/shop\/wp-json\/wp\/v2\/pages\/7","targetHints":{"allow":["GET"]}}],"collection":[{"href":"https:\/\/unis.hr\/shop\/wp-json\/wp\/v2\/pages"}],"about":[{"href":"https:\/\/unis.hr\/shop\/wp-json\/wp\/v2\/types\/page"}],"author":[{"embeddable":true,"href":"https:\/\/unis.hr\/shop\/wp-json\/wp\/v2\/users\/1"}],"replies":[{"embeddable":true,"href":"https:\/\/unis.hr\/shop\/wp-json\/wp\/v2\/comments?post=7"}],"version-history":[{"count":9,"href":"https:\/\/unis.hr\/shop\/wp-json\/wp\/v2\/pages\/7\/revisions"}],"predecessor-version":[{"id":1011,"href":"https:\/\/unis.hr\/shop\/wp-json\/wp\/v2\/pages\/7\/revisions\/1011"}],"wp:attachment":[{"href":"https:\/\/unis.hr\/shop\/wp-json\/wp\/v2\/media?parent=7"}],"curies":[{"name":"wp","href":"https:\/\/api.w.org\/{rel}","templated":true}]}}