{"id":3,"date":"2025-03-24T15:46:40","date_gmt":"2025-03-24T15:46:40","guid":{"rendered":"http:\/\/unis.hr\/shop\/?page_id=3"},"modified":"2025-04-03T16:18:07","modified_gmt":"2025-04-03T15:18:07","slug":"politika","status":"publish","type":"page","link":"https:\/\/unis.hr\/shop\/politika\/","title":{"rendered":"Politika privatnosti"},"content":{"rendered":"\t\t<div data-elementor-type=\"wp-page\" data-elementor-id=\"3\" class=\"elementor elementor-3\">\n\t\t\t\t<div class=\"elementor-element elementor-element-7ad51f7c e-flex e-con-boxed e-con e-parent\" data-id=\"7ad51f7c\" data-element_type=\"container\" data-e-type=\"container\">\n\t\t\t\t\t<div class=\"e-con-inner\">\n\t\t\t\t<div class=\"elementor-element elementor-element-4e3e4ecd elementor-widget elementor-widget-text-editor\" data-id=\"4e3e4ecd\" data-element_type=\"widget\" data-e-type=\"widget\" data-widget_type=\"text-editor.default\">\n\t\t\t\t<div class=\"elementor-widget-container\">\n\t\t\t\t\t\t\t\t\t<p>Svim na\u0161im kupcima pristupamo s posebnom pa\u017enjom u otvorenoj i odgovornoj komunikaciji kako bismo stekli Va\u0161e povjerenje i ispunili Va\u0161a o\u010dekivanja.<br \/><br \/>UNIS d.o.o. obvezuje se na za\u0161titu Va\u0161ih osobnih podataka sukladno Uredbi (EU) 2016\/679 Europskog parlamenta i Vije\u0107a od 27. travnja 2016. o za\u0161titi pojedinaca u vezi s obradom osobnih podataka i o slobodnom kretanju takvih podataka (Op\u0107a uredba o za\u0161titi podataka | GDPR \u2013 General Data Protection Regulation. Svim korisnicima na\u0161ih proizvoda i usluga jam\u010dimo da \u0107emo sve osobne podatke tretirati kao povjerljivu informaciju i poslovnu tajnu.<br \/><br \/>U dijelu koji slijedi \u017eelimo Vam dati informacije o na\u010dinu na koji postupamo s Va\u0161im osobnim podacima prilikom Va\u0161eg kori\u0161tenja na\u0161e web stranice www.unis.hr. <br \/>Kada otvorite na\u0161u web stranicu, Va\u0161 preglednik \u0107e prenijeti odre\u0111ene podatke na na\u0161 web poslu\u017eitelj. Prijenos podataka se vr\u0161i iz tehni\u010dkih razloga, kako bismo Vam mogli u\u010diniti dostupnima zatra\u017eene informacije. Prijenos podataka obavlja se statisti\u010dkim softverima koji su standardno obilje\u017eje svih web poslu\u017eitelja i nisu karakteristi\u010dni samo za na\u0161e stranice. Takvi statisti\u010dki programi omogu\u0107uju nam da na\u0161e stranice prilagodimo tako da budu \u0161to efikasnije i jednostavnije za na\u0161e posjetitelje. Statisti\u010dki program koji koristimo na na\u0161oj web stranici je online servis Statcounter. Statcounter koristi tzv. kola\u010di\u0107e i druge tehnologije za prikupljanje podataka o posjetiteljima i aktivnostima posjetitelja na na\u0161oj web stranici. Kola\u010di\u0107i su male tekstualne datoteke pohranjene u memoriji Va\u0161eg ure\u0111aja koji pohranjuju odre\u0111ene informacije koje Va\u0161 pretra\u017eiva\u010d mo\u017ee prenijeti prilikom Va\u0161eg posjeta web stranici.<br \/>Prikupljaju se sljede\u0107i podaci:<\/p>\n<ul>\n<li>&#8211; Vrijeme i datum posjeta (to nam mo\u017ee pomo\u0107i da prepoznamo i planiramo vrijeme zauzetosti na\u0161e web stranice)<\/li>\n<li>&#8211; IP adresa (ovo je numeri\u010dka oznaka koju je davatelj internetskih usluga dodijelio nekom ure\u0111aju da bi mu omogu\u0107io pristup internetu)<\/li>\n<li>&#8211; Preglednik i operativni sustav (to nam mo\u017ee pomo\u0107i da provjerimo funkcionira li na\u0161a web stranica ispravno u razli\u010ditim preglednicima \/ operativnim sustavima koji se koriste za pristup na\u0161oj web stranici)<\/li>\n<li>&#8211; Informacije o ure\u0111aju, npr. vrsta ure\u0111aja i veli\u010dina zaslona (to nam mo\u017ee pomo\u0107i da provjerimo funkcionalnost na\u0161e web stranice s obzirom na razli\u010dite ure\u0111aje koji se koriste za pristup na\u0161oj web stranici)<\/li>\n<li>&#8211; Referentni podaci, kao \u0161to je npr. poveznica pretra\u017eiva\u010da (to nam mo\u017ee pomo\u0107i da saznamo koje tra\u017eilice poma\u017eu posjetiteljima da prona\u0111u na\u0161u web stranicu).<\/li>\n<\/ul>\n<p>Kako bismo za\u0161titili na\u0161e legitimne interese, takve podatke pohranjujemo na ograni\u010deno vrijeme kako bismo mogli zapo\u010deti s pra\u0107enjem osobnih podataka u slu\u010daju ili kod poku\u0161aja neovla\u0161tenog pristupa na\u0161im poslu\u017eiteljima. Kada nam \u0161aljete elektronsku po\u0161tu (e-mail) s osobnim podacima po kojima vas je mogu\u0107e identificirati, bilo putem e-mail poruke s pitanjem ili komentarom, ili putem nekog obrasca koji nam dostavljate elektronskom po\u0161tom, mi te podatke koristimo isklju\u010divo u svrhu ispunjenja Va\u0161ih zahtjeva.<br \/><br \/>UNIS d.o.o. \u0161titi va\u0161e osobne podatke od neovla\u0161tenog pristupa, upotrebe ili odavanja. Podaci na ra\u010dunalnim poslu\u017eiteljima pohranjuju se u kontroliranom, sigurnom okru\u017eenju, za\u0161ti\u0107enom od neovla\u0161tenog pristupa, upotrebe ili odavanja. UNIS d.o.o. zadr\u017eava pravo izmjene ove Izjave u bilo kojem trenutku te stoga preporu\u010dujemo da povremeno provjerite a\u017euriranja na ovoj stranici. UNIS d.o.o. rado \u0107e primiti va\u0161e komentare i sugestije u vezi s ovom Izjavom, kao i ostale primjedbe. Mo\u017eete nam se obratiti na: info@unis.hr<\/p>\n<p>\u00a0<\/p>\n<p>\u00a0<\/p>\n<p>\u00a0<\/p>\n<p>\u00a0<\/p><\/div>\n\t\t\t\t<\/div>\n\t\t\t\t\t<\/div>\n\t\t\t\t<\/div>\t\t<\/div>\n\t\t","protected":false},"excerpt":{"rendered":"<p>Svim na\u0161im kupcima pristupamo s posebnom pa\u017enjom u otvorenoj i odgovornoj komunikaciji kako bismo stekli Va\u0161e povjerenje i ispunili Va\u0161a o\u010dekivanja. UNIS d.o.o. obvezuje se na za\u0161titu Va\u0161ih osobnih podataka sukladno Uredbi (EU) 2016\/679 Europskog parlamenta i Vije\u0107a od 27. travnja 2016. o za\u0161titi pojedinaca u vezi s obradom osobnih podataka i o slobodnom kretanju takvih podataka (Op\u0107a uredba o za\u0161titi podataka | GDPR \u2013 General Data Protection Regulation. Svim&hellip;<\/p>\n","protected":false},"author":1,"featured_media":0,"parent":0,"menu_order":0,"comment_status":"closed","ping_status":"closed","template":"","meta":{"pagelayer_contact_templates":[],"_pagelayer_content":"","footnotes":""},"class_list":["post-3","page","type-page","status-publish","hentry"],"jetpack_sharing_enabled":true,"_links":{"self":[{"href":"https:\/\/unis.hr\/shop\/wp-json\/wp\/v2\/pages\/3","targetHints":{"allow":["GET"]}}],"collection":[{"href":"https:\/\/unis.hr\/shop\/wp-json\/wp\/v2\/pages"}],"about":[{"href":"https:\/\/unis.hr\/shop\/wp-json\/wp\/v2\/types\/page"}],"author":[{"embeddable":true,"href":"https:\/\/unis.hr\/shop\/wp-json\/wp\/v2\/users\/1"}],"replies":[{"embeddable":true,"href":"https:\/\/unis.hr\/shop\/wp-json\/wp\/v2\/comments?post=3"}],"version-history":[{"count":10,"href":"https:\/\/unis.hr\/shop\/wp-json\/wp\/v2\/pages\/3\/revisions"}],"predecessor-version":[{"id":879,"href":"https:\/\/unis.hr\/shop\/wp-json\/wp\/v2\/pages\/3\/revisions\/879"}],"wp:attachment":[{"href":"https:\/\/unis.hr\/shop\/wp-json\/wp\/v2\/media?parent=3"}],"curies":[{"name":"wp","href":"https:\/\/api.w.org\/{rel}","templated":true}]}}