{"id":891,"date":"2025-04-03T16:50:10","date_gmt":"2025-04-03T15:50:10","guid":{"rendered":"https:\/\/unis.hr\/shop\/?post_type=product&#038;p=891"},"modified":"2025-04-03T16:58:01","modified_gmt":"2025-04-03T15:58:01","slug":"pametni-sanducic-lockin-l1","status":"publish","type":"product","link":"http:\/\/unis.hr\/shop\/product\/pametni-sanducic-lockin-l1\/","title":{"rendered":"Pametni sandu\u010di\u0107 Lockin L1"},"content":{"rendered":"<h4>Osnovne karakteristike<\/h4>\n<p>&#8211; Radi s Lockin Home aplikacijom<br \/>\n&#8211; Veliki kapacitet<br \/>\n&#8211; Jednostavna ugradnja<br \/>\n&#8211; Otklju\u010davanje Bluetooth aplikacijom<br \/>\n&#8211; Otklju\u010davanje PIN \u0161ifrom<br \/>\n&#8211; Vremenski ograni\u010dene \u0161ifre<br \/>\n&#8211; Vodootporan<\/p>\n<h4>Pametni sandu\u010di\u0107 za dom<\/h4>\n<p>Pametni sandu\u010di\u0107 lako rje\u0161ava sljede\u0107e probleme doma:<\/p>\n<p>Super gubljenje vremena: stojite na vratima najmanje sat vremena \u010dekaju\u0107i rezervni klju\u010d&#8230;<br \/>\nNezgode: prijatelji dolaze rano s rado\u0161\u0107u, ali moraju nestrpljivo \u010dekati vani..<br \/>\nNesigurne situacije: rezervni klju\u010d skriven ispod otira\u010da \u010desto se gubi&#8230;<br \/>\nSkupo i komplicirano: pametna brava je preskupa. I mo\u017eda ne\u0107e odgovarati mojim vratima. Previ\u0161e je problemati\u010dno&#8230;<\/p>\n<h4>Pametni sandu\u010di\u0107 za posao<\/h4>\n<p>Ako ste vlasnik stana: va\u0161 stanar mo\u017ee imati va\u017ee\u0107u \u0161ifru samo tijekom trajanja najma&#8230;<br \/>\nAko ste upravitelj apartmana: po\u0161aljite jednokratnu \u0161ifru pru\u017eatelju usluga \u010di\u0161\u0107enja na daljinu, bez vje\u010dnog \u010dekanja na klju\u010d&#8230;<br \/>\nAko ste agent za nekretnine: dobivanje jednokratnog koda koji \u0161aljevlasnik ku\u0107e na daljinu, tako da ne gubite vrijeme na putu&#8230;<br \/>\nAko ste trgovac: va\u0161i zaposlenici \u0107e imati svoju \u0161ifru za ulazak u trgovinu, a vi mo\u017eete imati evidenciju otvaranja vrata&#8230;<\/p>\n<p><iframe title=\"Lockin Smart Lock Box L1\" width=\"640\" height=\"360\" src=\"https:\/\/www.youtube.com\/embed\/-h0NUz79_iE?feature=oembed\" frameborder=\"0\" allow=\"accelerometer; autoplay; clipboard-write; encrypted-media; gyroscope; picture-in-picture; web-share\" referrerpolicy=\"strict-origin-when-cross-origin\" allowfullscreen><\/iframe><\/p>\n","protected":false},"excerpt":{"rendered":"<p>Pametni sandu\u010di\u0107 nalazi svoju primjenu kako za probleme s klju\u010devima doma tako i u poslovnom sektoru. Ako ste vlasnik apartmana, agent za nekretnine, trgovac ili upravitelj hostela, onda jednostavno po\u0161aljite virtualni klju\u010d u obliku PIN-a svom klijentu i rije\u0161ite se problema s dostavom ili \u010dekanjem na klju\u010deve, a ujedno \u0107ete imati i kompletnu evidenciju otvaranja vrata. Udaljeni pristup, vi\u0161estruki na\u010dini otklju\u010davanja, sigurnost i jednostavna instalacija samo su neke od karakteristika ovog pametnog sandu\u010di\u0107a koji mora imati svaki dom&#8230;<\/p>\n","protected":false},"featured_media":894,"template":"","meta":{"pagelayer_contact_templates":[],"_pagelayer_content":""},"product_brand":[127],"product_cat":[39],"product_tag":[131,130,129],"class_list":{"0":"post-891","1":"product","2":"type-product","3":"status-publish","4":"has-post-thumbnail","6":"product_brand-lockin","7":"product_cat-pametne_brave","8":"product_tag-l1","9":"product_tag-lockin","10":"product_tag-pametni-sanducic","12":"first","13":"instock","14":"shipping-taxable","15":"purchasable","16":"product-type-simple"},"jetpack_sharing_enabled":true,"_links":{"self":[{"href":"http:\/\/unis.hr\/shop\/wp-json\/wp\/v2\/product\/891","targetHints":{"allow":["GET"]}}],"collection":[{"href":"http:\/\/unis.hr\/shop\/wp-json\/wp\/v2\/product"}],"about":[{"href":"http:\/\/unis.hr\/shop\/wp-json\/wp\/v2\/types\/product"}],"wp:featuredmedia":[{"embeddable":true,"href":"http:\/\/unis.hr\/shop\/wp-json\/wp\/v2\/media\/894"}],"wp:attachment":[{"href":"http:\/\/unis.hr\/shop\/wp-json\/wp\/v2\/media?parent=891"}],"wp:term":[{"taxonomy":"product_brand","embeddable":true,"href":"http:\/\/unis.hr\/shop\/wp-json\/wp\/v2\/product_brand?post=891"},{"taxonomy":"product_cat","embeddable":true,"href":"http:\/\/unis.hr\/shop\/wp-json\/wp\/v2\/product_cat?post=891"},{"taxonomy":"product_tag","embeddable":true,"href":"http:\/\/unis.hr\/shop\/wp-json\/wp\/v2\/product_tag?post=891"}],"curies":[{"name":"wp","href":"https:\/\/api.w.org\/{rel}","templated":true}]}}